{"id":3649,"date":"2016-03-24T14:35:24","date_gmt":"2016-03-24T13:35:24","guid":{"rendered":"http:\/\/www.insective.com\/de\/?page_id=3649"},"modified":"2016-08-02T14:13:47","modified_gmt":"2016-08-02T13:13:47","slug":"fliegenklebe-rolle-10s","status":"publish","type":"page","link":"https:\/\/www.insective.com\/de\/fliegenklebe-rolle-10s\/","title":{"rendered":"Fliegenklebe Rolle 10S"},"content":{"rendered":"<h3>Fliegenklebe Rolle 10S &#8211; f\u00fcr Anziehung und Kontrolle auf fliegende Insekten<\/h3>\n<div class=\"row clearfix\">\n<div class=\"box two \">\n<h3><a href=\"http:\/\/www.insective.com\/wp-content\/uploads\/2015\/06\/Flyroll10Sweb.png\"><img fetchpriority=\"high\" decoding=\"async\" class=\"alignleft wp-image-3193 size-full\" src=\"http:\/\/www.insective.com\/wp-content\/uploads\/2015\/06\/Flyroll10Sweb.png\" alt=\"Flytrap roll 10S\" width=\"533\" height=\"371\" srcset=\"https:\/\/www.insective.com\/wp-content\/uploads\/2015\/06\/Flyroll10Sweb.png 533w, https:\/\/www.insective.com\/wp-content\/uploads\/2015\/06\/Flyroll10Sweb-300x209.png 300w\" sizes=\"(max-width: 533px) 100vw, 533px\" \/><\/a><\/h3>\n<\/div>\n<div class=\"box two \">\n<p>Die Fliegenklebe Rolle 10S.\u00a0Zu gebrauchen in Innenbereichen wie St\u00e4llen, Landwirtschaftlichen Gebiet\u00a0und Gebieten\u00a0mit einer hohen Fliegenpopulation.<\/p>\n<p>&nbsp;<\/p>\n<p>&nbsp;<\/p>\n<p><a href=\"http:\/\/www.insective.com\/wp-content\/uploads\/2015\/06\/Flypaperroll_DE.jpg\"><img decoding=\"async\" class=\"alignright wp-image-3229\" src=\"http:\/\/www.insective.com\/wp-content\/uploads\/2015\/06\/Flypaperroll_DE.jpg\" alt=\"Flytrap roll 10S\" width=\"220\" height=\"228\" \/><\/a><\/p>\n<h4><a href=\"http:\/\/www.insective.com\/wp-content\/uploads\/2016\/03\/Fliegenklebe-rolle-Insective_D.pdf\" target=\"_blank\"><img decoding=\"async\" class=\"alignright wp-image-4366\" src=\"http:\/\/www.insective.com\/wp-content\/uploads\/2015\/05\/Button_Insective_pdf.png\" alt=\"Button_Insective_pdf\" width=\"60\" height=\"60\" srcset=\"https:\/\/www.insective.com\/wp-content\/uploads\/2015\/05\/Button_Insective_pdf.png 293w, https:\/\/www.insective.com\/wp-content\/uploads\/2015\/05\/Button_Insective_pdf-150x150.png 150w, https:\/\/www.insective.com\/wp-content\/uploads\/2015\/05\/elementor\/thumbs\/Button_Insective_pdf-muof5hed726jyk5klw9y6blmirv6xjsu63qtwhecdc.png 80w\" sizes=\"(max-width: 60px) 100vw, 60px\" \/><\/a><\/h4>\n<\/div>\n<\/div>\n\n\t\t<blockquote class=\"pullquote alignright\" data-rt-animate=\"animate\" data-rt-animation-type=\"fadeInDown\" data-rt-animation-group=\"single\">\n<p>Das Insective Fliegenpapier enth\u00e4lt ein Muster, dass Fliegen schnell anlockt.\u00a0Die Rolle enth\u00e4lt 10 m Fliegenpapier<\/p>\n<\/blockquote>\n\t\n<p>Das Insective Fliegenklebe Rolle 10S enth\u00e4lt ein Muster, dass Fliegen schnell anlockt.<\/p>\n<p><em>Die Rolle enth\u00e4lt 10 m Fliegenpapier\u00a0<\/em><\/p>\n<p>Der speziell nicht gef\u00e4hrliche Klebstoff h\u00e4lt die Fliegen zuverl\u00e4ssig am Papier fest.\u00a0<em>Leicht anzubringen, leicht zu entfernen<\/em><\/p>\n<h4>Gebrauchsanleitung\u00a0Fliegenklebe rolle 10S:<\/h4>\n<ol>\n<li>Entfernen Sie die Verpackung. Entfernen Sie nicht das Kabel.<\/li>\n<li>H\u00e4ngen Sie die Rolle am Ende mit Hilfe des Kabels an die Wand.<\/li>\n<li>Ziehen Sie die Rolle auseinander, w\u00e4hrend Sie das Kabel festhalten.<\/li>\n<li>Platzieren Sie so viele Rollen wie n\u00f6tig.<\/li>\n<li>F\u00fcr die beste Resultate, das Klebeband bis zum Boden ausrollen.<\/li>\n<\/ol>\n\n\t\t<style type=\"text\/css\">\n\t\t\t#gallery-1 {\n\t\t\t\tmargin: auto;\n\t\t\t}\n\t\t\t#gallery-1 .gallery-item {\n\t\t\t\tfloat: left;\n\t\t\t\tmargin-top: 10px;\n\t\t\t\ttext-align: center;\n\t\t\t\twidth: 20%;\n\t\t\t}\n\t\t\t#gallery-1 img {\n\t\t\t\tborder: 2px solid #cfcfcf;\n\t\t\t}\n\t\t\t#gallery-1 .gallery-caption {\n\t\t\t\tmargin-left: 0;\n\t\t\t}\n\t\t\t\/* see gallery_shortcode() in wp-includes\/media.php *\/\n\t\t<\/style>\n\t\t<div id='gallery-1' class='gallery galleryid-3649 gallery-columns-5 gallery-size-thumbnail'><dl class='gallery-item'>\n\t\t\t<dt class='gallery-icon landscape'>\n\t\t\t\t<a href='https:\/\/www.insective.com\/de\/fliegenklebe-rolle-10s\/flypaperroll_de_1064_web-2\/'><img loading=\"lazy\" decoding=\"async\" width=\"150\" height=\"150\" src=\"https:\/\/www.insective.com\/wp-content\/uploads\/2015\/06\/Flypaperroll_DE_1064_web-150x150.jpg\" class=\"attachment-thumbnail size-thumbnail\" alt=\"\" \/><\/a>\n\t\t\t<\/dt><\/dl><dl class='gallery-item'>\n\t\t\t<dt class='gallery-icon portrait'>\n\t\t\t\t<a href='https:\/\/www.insective.com\/de\/fliegenklebe-rolle-10s\/flypaperroll_de-2\/'><img loading=\"lazy\" decoding=\"async\" width=\"150\" height=\"150\" src=\"https:\/\/www.insective.com\/wp-content\/uploads\/2015\/06\/Flypaperroll_DE-150x150.jpg\" class=\"attachment-thumbnail size-thumbnail\" alt=\"\" \/><\/a>\n\t\t\t<\/dt><\/dl><dl class='gallery-item'>\n\t\t\t<dt class='gallery-icon landscape'>\n\t\t\t\t<a href='https:\/\/www.insective.com\/de\/fliegenklebe-rolle-10s\/flypaperroll_de_1067_web-2\/'><img loading=\"lazy\" decoding=\"async\" width=\"150\" height=\"150\" src=\"https:\/\/www.insective.com\/wp-content\/uploads\/2015\/06\/Flypaperroll_DE_1067_web-150x150.jpg\" class=\"attachment-thumbnail size-thumbnail\" alt=\"\" \/><\/a>\n\t\t\t<\/dt><\/dl><dl class='gallery-item'>\n\t\t\t<dt class='gallery-icon landscape'>\n\t\t\t\t<a href='https:\/\/www.insective.com\/de\/fliegenklebe-rolle-10s\/flypaperroll_de_1070_web-2\/'><img loading=\"lazy\" decoding=\"async\" width=\"150\" height=\"150\" src=\"https:\/\/www.insective.com\/wp-content\/uploads\/2015\/06\/Flypaperroll_DE_1070_web-150x150.jpg\" class=\"attachment-thumbnail size-thumbnail\" alt=\"\" \/><\/a>\n\t\t\t<\/dt><\/dl><dl class='gallery-item'>\n\t\t\t<dt class='gallery-icon portrait'>\n\t\t\t\t<a href='https:\/\/www.insective.com\/de\/fliegenklebe-rolle-10s\/flyroll_in_stable-2\/'><img loading=\"lazy\" decoding=\"async\" width=\"150\" height=\"150\" src=\"https:\/\/www.insective.com\/wp-content\/uploads\/2015\/06\/Flyroll_in_Stable-150x150.jpg\" class=\"attachment-thumbnail size-thumbnail\" alt=\"\" \/><\/a>\n\t\t\t<\/dt><\/dl><br style=\"clear: both\" \/>\n\t\t<\/div>\n\n<h4>Spezifikationen:<\/h4>\n\n<table id=\"tablepress-12\" class=\"tablepress tablepress-id-12\">\n<thead>\n<tr class=\"row-1\">\n\t<th class=\"column-1\">Name<br \/>\nBeschreibung<br \/>\nL\u00e4nge<br \/>\nBreite<br \/>\nGebrauchsort<br \/>\nFarbe<br \/>\nWasserabweisend<br \/>\nZ\u00e4hlgitter<br \/>\nHaltbarkeit<br \/>\nAufbewahrzeitraum<br \/>\nAufbewahrtempereratur<br \/>\nLockstoff<br \/>\nGewicht pro Rolle<br \/>\nWichtige Instruktionen<br \/>\nUmweltaspekte<br \/>\nRegelaspekte<\/th><th class=\"column-2\">Fliegenpapier rolle 10S<br \/>\nKleberolle zur Kontrolle von Fliegenbefall<br \/>\n 10 Meter<br \/>\n0,25 m<br \/>\nFliegenbefallende Areale<br \/>\nWei\u00df<br \/>\nFeuchtigkeitsabweisendes Papier<br \/>\nNein<br \/>\n2 Monate<br \/>\nMax. 60 Monate<br \/>\nMax 25 Grad<br \/>\nnein<br \/>\n0,32 kg<br \/>\nkeine<br \/>\nnein<br \/>\nnein<\/th>\n<\/tr>\n<\/thead>\n<tbody class=\"row-striping row-hover\">\n<\/tbody>\n<\/table>\n<!-- #tablepress-12 from cache -->\n<p>&nbsp;<\/p>\n<p>&nbsp;<\/p>\n","protected":false},"excerpt":{"rendered":"<p>Fliegenklebe Rolle 10S &#8211; f\u00fcr Anziehung und Kontrolle auf fliegende Insekten Das Insective Fliegenklebe Rolle 10S enth\u00e4lt ein Muster, dass Fliegen schnell anlockt. Die Rolle enth\u00e4lt 10 m Fliegenpapier\u00a0 Der speziell nicht gef\u00e4hrliche Klebstoff h\u00e4lt die Fliegen zuverl\u00e4ssig am Papier fest.\u00a0Leicht anzubringen, leicht zu entfernen Gebrauchsanleitung\u00a0Fliegenklebe rolle 10S: Entfernen Sie die Verpackung. Entfernen Sie nicht [&hellip;]<\/p>\n","protected":false},"author":7,"featured_media":0,"parent":0,"menu_order":0,"comment_status":"closed","ping_status":"closed","template":"","meta":{"footnotes":""},"class_list":["post-3649","page","type-page","status-publish","hentry"],"_links":{"self":[{"href":"https:\/\/www.insective.com\/de\/wp-json\/wp\/v2\/pages\/3649","targetHints":{"allow":["GET"]}}],"collection":[{"href":"https:\/\/www.insective.com\/de\/wp-json\/wp\/v2\/pages"}],"about":[{"href":"https:\/\/www.insective.com\/de\/wp-json\/wp\/v2\/types\/page"}],"author":[{"embeddable":true,"href":"https:\/\/www.insective.com\/de\/wp-json\/wp\/v2\/users\/7"}],"replies":[{"embeddable":true,"href":"https:\/\/www.insective.com\/de\/wp-json\/wp\/v2\/comments?post=3649"}],"version-history":[{"count":25,"href":"https:\/\/www.insective.com\/de\/wp-json\/wp\/v2\/pages\/3649\/revisions"}],"predecessor-version":[{"id":4494,"href":"https:\/\/www.insective.com\/de\/wp-json\/wp\/v2\/pages\/3649\/revisions\/4494"}],"wp:attachment":[{"href":"https:\/\/www.insective.com\/de\/wp-json\/wp\/v2\/media?parent=3649"}],"curies":[{"name":"wp","href":"https:\/\/api.w.org\/{rel}","templated":true}]}}