{"id":3735,"date":"2016-03-29T08:57:36","date_gmt":"2016-03-29T07:57:36","guid":{"rendered":"http:\/\/www.insective.com\/de\/?page_id=3735"},"modified":"2016-08-03T13:44:00","modified_gmt":"2016-08-03T12:44:00","slug":"flyzone-xl-fliegenfalle","status":"publish","type":"page","link":"https:\/\/www.insective.com\/de\/flyzone-xl-fliegenfalle\/","title":{"rendered":"Flyzone XL &#8211; Fliegenfalle"},"content":{"rendered":"<h3>Flyzone XL &#8211; Fliegenfalle.\u00a0Die sichere ungiftige Fliegenfalle<span class=\"s1\">.<\/span><\/h3>\n<p><a href=\"http:\/\/www.insective.com\/wp-content\/uploads\/2016\/01\/Flyzone_HU.jpg\"><img fetchpriority=\"high\" decoding=\"async\" class=\"size-full wp-image-4016 alignleft\" src=\"http:\/\/www.insective.com\/wp-content\/uploads\/2016\/01\/Flyzone_HU.jpg\" alt=\"Flyzone_HU\" width=\"400\" height=\"403\" srcset=\"https:\/\/www.insective.com\/wp-content\/uploads\/2016\/01\/Flyzone_HU.jpg 400w, https:\/\/www.insective.com\/wp-content\/uploads\/2016\/01\/Flyzone_HU-150x150.jpg 150w, https:\/\/www.insective.com\/wp-content\/uploads\/2016\/01\/Flyzone_HU-298x300.jpg 298w\" sizes=\"(max-width: 400px) 100vw, 400px\" \/><\/a><\/p>\n<p>F\u00fcr Haushaltlich- und Landwirtschaftlichen Gebrauch \u2013 keine l\u00e4stigen Fliegen mehr.\u00a0Die Flyzone XL &#8211; Fliegenfalle f\u00e4ngt Fliegen aller Art, hunderte von Arten, wie die Stubenfliege, Fruchtfliegen, Pferdebremsen usw.<\/p>\n<p>Die Flyzone ist unwiederstehlich f\u00fcr Fliegen. Die Lockstoffe sind hergestellt auf der Basis von Nahrungsmittel und deren Geruch.\u00a0Der Geruch wird durch den Kontakt mit Wasser ausgel\u00f6st. Wird die Falle mit Wasser in Verbindung gebracht, werden die Fliegen gelockt und ertrinken.<a style=\"color: #ffffff;\" href=\"http:\/\/www.insect-trap.net\" target=\"_blank\">www.insect-trap.net<\/a><\/p>\n<h4><a href=\"http:\/\/www.insective.com\/wp-content\/uploads\/2016\/01\/Flyzone2.jpg\"><img decoding=\"async\" class=\"wp-image-3344 alignright\" src=\"http:\/\/www.insective.com\/wp-content\/uploads\/2016\/01\/Flyzone2.jpg\" alt=\"\" width=\"188\" height=\"235\" srcset=\"https:\/\/www.insective.com\/wp-content\/uploads\/2016\/01\/Flyzone2.jpg 300w, https:\/\/www.insective.com\/wp-content\/uploads\/2016\/01\/Flyzone2-241x300.jpg 241w\" sizes=\"(max-width: 188px) 100vw, 188px\" \/><\/a><\/h4>\n<p><img decoding=\"async\" class=\"wp-image-3348 alignright\" src=\"http:\/\/www.insective.com\/wp-content\/uploads\/2016\/01\/27744614-een-paar-van-huisvliegen-gemeenschappelijke-vliegen-gea-soleerd-op-wit.jpg\" alt=\"\" width=\"94\" height=\"81\" \/><a href=\"http:\/\/www.insective.com\/wp-content\/uploads\/2016\/03\/Flyzone_insective_D.pdf\" target=\"_blank\"><img loading=\"lazy\" decoding=\"async\" class=\"alignright wp-image-4366\" src=\"http:\/\/www.insective.com\/wp-content\/uploads\/2015\/05\/Button_Insective_pdf.png\" alt=\"Button_Insective_pdf\" width=\"60\" height=\"60\" srcset=\"https:\/\/www.insective.com\/wp-content\/uploads\/2015\/05\/Button_Insective_pdf.png 293w, https:\/\/www.insective.com\/wp-content\/uploads\/2015\/05\/Button_Insective_pdf-150x150.png 150w, https:\/\/www.insective.com\/wp-content\/uploads\/2015\/05\/elementor\/thumbs\/Button_Insective_pdf-muof5hed726jyk5klw9y6blmirv6xjsu63qtwhecdc.png 80w\" sizes=\"(max-width: 60px) 100vw, 60px\" \/><\/a><\/p>\n<h4><\/h4>\n<p>&nbsp;<\/p>\n<p>&nbsp;<\/p>\n<p>&nbsp;<\/p>\n<p>&nbsp;<\/p>\n<p>&nbsp;<\/p>\n<p>&nbsp;<\/p>\n\n\t\t<blockquote class=\"pullquote alignright\" data-rt-animate=\"animate\" data-rt-animation-type=\"fadeInDown\" data-rt-animation-group=\"single\">\n<p class=\"p1\">Die Lockstoffe sind hergestellt auf der Basis von Nahrungsmittel und deren Geruch.<\/p>\n<\/blockquote>\n\t\n<h3>Wo zu gebrauchen?<\/h3>\n<p>Die Flyzone XL &#8211; Fliegenfalle ist nur f\u00fcr den Au\u00dfengebrauch geeignet. Sie hilft, die Fliegenpopulation schon drau\u00dfen zu vermindern, so dass Innen kein Fliegenproblem entsteht. Die Falle sollte in f\u00fcnf Meter Abstand von Arealen, auf denen Menschen sich aufhalten, aufgeh\u00e4ngt werden.<\/p>\n<h3>Spezielle Leistungen und Vorteile:<\/h3>\n<ul>\n<li>Der pudrige Lockstoff ist in der Falle selbst enthalten<\/li>\n<li>Die Lockstoffe\u00a0wird durch die Verbindung mit Wasser schnell aktiviert.<\/li>\n<li>Die FlyZone Design eliminiert den K\u00f6der der Fliegen zu ber\u00fchren<\/li>\n<li>Keine chemischen Inhaltsstoffe<\/li>\n<li>Keine Resistenz m\u00f6glich<\/li>\n<\/ul>\n<h3>Wie funktioniert es?<\/h3>\n<p>Wenn Fliegen in die Falle fliegen, ertrinken sie im Wasser.<\/p>\n\n\t\t<style type=\"text\/css\">\n\t\t\t#gallery-1 {\n\t\t\t\tmargin: auto;\n\t\t\t}\n\t\t\t#gallery-1 .gallery-item {\n\t\t\t\tfloat: left;\n\t\t\t\tmargin-top: 10px;\n\t\t\t\ttext-align: center;\n\t\t\t\twidth: 16%;\n\t\t\t}\n\t\t\t#gallery-1 img {\n\t\t\t\tborder: 2px solid #cfcfcf;\n\t\t\t}\n\t\t\t#gallery-1 .gallery-caption {\n\t\t\t\tmargin-left: 0;\n\t\t\t}\n\t\t\t\/* see gallery_shortcode() in wp-includes\/media.php *\/\n\t\t<\/style>\n\t\t<div id='gallery-1' class='gallery galleryid-3735 gallery-columns-6 gallery-size-thumbnail'><dl class='gallery-item'>\n\t\t\t<dt class='gallery-icon portrait'>\n\t\t\t\t<a href='https:\/\/www.insective.com\/de\/flyzone-xl-fliegenfalle\/flyzone-4-2-2\/'><img loading=\"lazy\" decoding=\"async\" width=\"150\" height=\"150\" src=\"https:\/\/www.insective.com\/wp-content\/uploads\/2016\/01\/Flyzone-41-150x150.jpg\" class=\"attachment-thumbnail size-thumbnail\" alt=\"\" \/><\/a>\n\t\t\t<\/dt><\/dl><dl class='gallery-item'>\n\t\t\t<dt class='gallery-icon portrait'>\n\t\t\t\t<a href='https:\/\/www.insective.com\/de\/flyzone-xl-fliegenfalle\/flyzone-5-2-2\/'><img loading=\"lazy\" decoding=\"async\" width=\"150\" height=\"150\" src=\"https:\/\/www.insective.com\/wp-content\/uploads\/2016\/01\/Flyzone-51-150x150.jpg\" class=\"attachment-thumbnail size-thumbnail\" alt=\"\" \/><\/a>\n\t\t\t<\/dt><\/dl><dl class='gallery-item'>\n\t\t\t<dt class='gallery-icon portrait'>\n\t\t\t\t<a href='https:\/\/www.insective.com\/de\/flyzone-xl-fliegenfalle\/flyzone-6-2-2\/'><img loading=\"lazy\" decoding=\"async\" width=\"150\" height=\"150\" src=\"https:\/\/www.insective.com\/wp-content\/uploads\/2016\/01\/Flyzone-61-150x150.jpg\" class=\"attachment-thumbnail size-thumbnail\" alt=\"\" \/><\/a>\n\t\t\t<\/dt><\/dl><dl class='gallery-item'>\n\t\t\t<dt class='gallery-icon landscape'>\n\t\t\t\t<a href='https:\/\/www.insective.com\/de\/flyzone-xl-fliegenfalle\/flyzone-7-2-2\/'><img loading=\"lazy\" decoding=\"async\" width=\"150\" height=\"150\" src=\"https:\/\/www.insective.com\/wp-content\/uploads\/2016\/01\/Flyzone-71-150x150.jpg\" class=\"attachment-thumbnail size-thumbnail\" alt=\"\" \/><\/a>\n\t\t\t<\/dt><\/dl>\n\t\t\t<br style='clear: both' \/>\n\t\t<\/div>\n\n<h3>Empfohlene Orte, um die Falle aufzuh\u00e4ngen:<\/h3>\n<ul>\n<li>Im Stall, bei guter Luftzirkulation.<\/li>\n<li>Rund um Gefl\u00fcgel, Schweine, Schafe, Milch- und Fleischrinder Bereiche<\/li>\n<li>Neben M\u00fcllcontainern<\/li>\n<li>Neben einem Kompost<\/li>\n<li>Auf Campingpl\u00e4tzen<\/li>\n<\/ul>\n<h3>Wann sollte Flyzone genutzt werden?<\/h3>\n<p>Die Flyzone XL &#8211; Fliegenfalle sollte dann zum Einsatz kommen, wenn durch sehr warmes Wetter hohe Fliegenpopulationen ausgel\u00f6st werden. In der Regel von Mai-Oktober.<\/p>\n","protected":false},"excerpt":{"rendered":"<p>Flyzone XL &#8211; Fliegenfalle.\u00a0Die sichere ungiftige Fliegenfalle. F\u00fcr Haushaltlich- und Landwirtschaftlichen Gebrauch \u2013 keine l\u00e4stigen Fliegen mehr.\u00a0Die Flyzone XL &#8211; Fliegenfalle f\u00e4ngt Fliegen aller Art, hunderte von Arten, wie die Stubenfliege, Fruchtfliegen, Pferdebremsen usw. Die Flyzone ist unwiederstehlich f\u00fcr Fliegen. Die Lockstoffe sind hergestellt auf der Basis von Nahrungsmittel und deren Geruch.\u00a0Der Geruch wird durch [&hellip;]<\/p>\n","protected":false},"author":7,"featured_media":0,"parent":0,"menu_order":0,"comment_status":"closed","ping_status":"closed","template":"","meta":{"footnotes":""},"class_list":["post-3735","page","type-page","status-publish","hentry"],"_links":{"self":[{"href":"https:\/\/www.insective.com\/de\/wp-json\/wp\/v2\/pages\/3735","targetHints":{"allow":["GET"]}}],"collection":[{"href":"https:\/\/www.insective.com\/de\/wp-json\/wp\/v2\/pages"}],"about":[{"href":"https:\/\/www.insective.com\/de\/wp-json\/wp\/v2\/types\/page"}],"author":[{"embeddable":true,"href":"https:\/\/www.insective.com\/de\/wp-json\/wp\/v2\/users\/7"}],"replies":[{"embeddable":true,"href":"https:\/\/www.insective.com\/de\/wp-json\/wp\/v2\/comments?post=3735"}],"version-history":[{"count":12,"href":"https:\/\/www.insective.com\/de\/wp-json\/wp\/v2\/pages\/3735\/revisions"}],"predecessor-version":[{"id":4653,"href":"https:\/\/www.insective.com\/de\/wp-json\/wp\/v2\/pages\/3735\/revisions\/4653"}],"wp:attachment":[{"href":"https:\/\/www.insective.com\/de\/wp-json\/wp\/v2\/media?parent=3735"}],"curies":[{"name":"wp","href":"https:\/\/api.w.org\/{rel}","templated":true}]}}