{"id":3789,"date":"2016-04-04T13:21:45","date_gmt":"2016-04-04T12:21:45","guid":{"rendered":"http:\/\/www.insective.com\/de\/?page_id=3789"},"modified":"2016-08-03T09:42:39","modified_gmt":"2016-08-03T08:42:39","slug":"wespe-bremsenfalle","status":"publish","type":"page","link":"https:\/\/www.insective.com\/de\/wespe-bremsenfalle\/","title":{"rendered":"Wespe-Bremsenfalle MT-falle"},"content":{"rendered":"<h3>Die Natur genie\u00dfen ohne l\u00e4stige Wespe\u00a0oder Bremsen. Wespe-Bremsenfalle<\/h3>\n<div class=\"row clearfix\">\n<div class=\"box two \">\n<a href=\"http:\/\/www.insective.com\/wp-content\/uploads\/2015\/12\/MTtrap_2016_website.jpg\"><img fetchpriority=\"high\" decoding=\"async\" class=\"alignleft size-full wp-image-3287\" src=\"http:\/\/www.insective.com\/wp-content\/uploads\/2015\/12\/MTtrap_2016_website.jpg\" alt=\"MTtrap_2016_website\" width=\"533\" height=\"375\" srcset=\"https:\/\/www.insective.com\/wp-content\/uploads\/2015\/12\/MTtrap_2016_website.jpg 533w, https:\/\/www.insective.com\/wp-content\/uploads\/2015\/12\/MTtrap_2016_website-300x211.jpg 300w\" sizes=\"(max-width: 533px) 100vw, 533px\" \/><\/a><\/div>\n<div class=\"box two \">\n<p>Die\u00a0Wespe-Bremsenfalle MT-falle ist entwickelt, um aggressive Insekten zu fangen, die drau\u00dfen f\u00fcr Irritation sorgen.<\/p>\n<p>&#8211; Pferdebremsen(Mai-August)<br \/>\n&#8211; Wespen (August\/September)<\/p>\n<p>Alcochem Hygiene, der Erfinder der H-Falle (<a href=\"http:\/\/www.h-trap.net\" target=\"_blank\">www.h-trap.net<\/a>), Pferdebremsensystem, f\u00fchrt ein neues, effektives Outdoor Fallensystem ein: Die\u00a0Wespe-Bremsenfalle MT-falle.<br \/>\n<a href=\"http:\/\/www.insective.com\/wp-content\/uploads\/2015\/06\/wespen_10020707_klein.jpg\"><br \/>\n<img decoding=\"async\" class=\"wp-image-3085 alignright\" src=\"http:\/\/www.insective.com\/wp-content\/uploads\/2015\/11\/MT-trap_web-150x150.jpg\" alt=\"MT-trap_web\" width=\"145\" height=\"145\" srcset=\"https:\/\/www.insective.com\/wp-content\/uploads\/2015\/11\/MT-trap_web-150x150.jpg 150w, https:\/\/www.insective.com\/wp-content\/uploads\/2015\/11\/MT-trap_web-180x180.jpg 180w, https:\/\/www.insective.com\/wp-content\/uploads\/2015\/11\/MT-trap_web-300x300.jpg 300w\" sizes=\"(max-width: 145px) 100vw, 145px\" \/><\/a><a href=\"http:\/\/www.insective.com\/video\/\" target=\"_blank\"><img decoding=\"async\" class=\"alignright wp-image-4361\" src=\"http:\/\/www.insective.com\/wp-content\/uploads\/2015\/05\/Buttons_Insective_video.png\" alt=\"Buttons_Insective_video\" width=\"60\" height=\"60\" srcset=\"https:\/\/www.insective.com\/wp-content\/uploads\/2015\/05\/Buttons_Insective_video.png 293w, https:\/\/www.insective.com\/wp-content\/uploads\/2015\/05\/Buttons_Insective_video-150x150.png 150w, https:\/\/www.insective.com\/wp-content\/uploads\/2015\/05\/elementor\/thumbs\/Buttons_Insective_video-muof5dn0fq1eo4b17unfwcjs58dq2rdwtl4vzdjx28.png 80w\" sizes=\"(max-width: 60px) 100vw, 60px\" \/><\/a><a href=\"http:\/\/www.insective.com\/wp-content\/uploads\/2016\/04\/MT-trap_Insective_D.pdf\" target=\"_blank\"><img loading=\"lazy\" decoding=\"async\" class=\"alignright wp-image-4365\" src=\"http:\/\/www.insective.com\/wp-content\/uploads\/2015\/05\/Button_Insective_pdf.png\" alt=\"Button_Insective_pdf\" width=\"60\" height=\"60\" srcset=\"https:\/\/www.insective.com\/wp-content\/uploads\/2015\/05\/Button_Insective_pdf.png 293w, https:\/\/www.insective.com\/wp-content\/uploads\/2015\/05\/Button_Insective_pdf-150x150.png 150w, https:\/\/www.insective.com\/wp-content\/uploads\/2015\/05\/elementor\/thumbs\/Button_Insective_pdf-muof5hed726jyk5klw9y6blmirv6xjsu63qtwhecdc.png 80w\" sizes=\"(max-width: 60px) 100vw, 60px\" \/><\/a><\/p>\n<\/div>\n<\/div>\n<p>&nbsp;<\/p>\n\n\t\t<blockquote class=\"pullquote alignright\" data-rt-animate=\"animate\" data-rt-animation-type=\"fadeInDown\" data-rt-animation-group=\"single\">\n<p>Das Prinzip, um Pferdebremsen anzulocken ist ein gepr\u00fcfte und akzeptierte Methode: Mit Hilfe der Sonne wird die Luft unter dem Trichter erhitzt.<br \/>\nDiese wird dann vom schwarzen Ball absorbiert. Der Ball selbst reagiert darauf mit emittierender infrarot Energie.<\/p>\n<\/blockquote>\n\t\n<h4>Erkl\u00e4rung des Prinzips der\u00a0Wespe-Bremsenfalle MT-falle<\/h4>\n<p>Das Prinzip, um Pferdebremsen anzulocken ist ein gepr\u00fcfte und akzeptierte Methode: Mit Hilfe der Sonne wird die Luft unter dem Trichter erhitzt. Diese wird dann vom schwarzen Ball absorbiert. Der Ball selbst reagiert darauf mit emittierender infrarot Energie.<\/p>\n<p>Dadurch werden die Pferdebremsen angelockt. Sie sehen die Falle als eine potentielle Futterquelle und werden auf ihr landen. Einmal auf dem schwarzen Ball gelandet werden sie ihn untersuchen und versuchen, ihn zu stechen. Da sie dabei nicht erfolgreich Blut saugen k\u00f6nnen, werden sie sich abwenden und davon fliegen.<\/p>\n<p>Pferdebremsen fliegen naturgem\u00e4\u00df nach oben. Um den Ball herum befindet sich ein Trichtersystem, in das die Pferdebremsen fliegen und aus dem sie nicht mehr entkommen k\u00f6nnen.<\/p>\n<p>Wespen legen dasselbe Verhalten an den Tag. Auch sie fliegen nach oben. Allerdings werden sie nicht durch Infrarotsignale gelockt, sondern durch S\u00fc\u00dfes. Eine spezielle Fl\u00fcssigkeit* in der\u00a0Auffangbeh\u00e4lter lockt die Wespen. Sie fliegen in die beh\u00e4lter und kommen nicht mehr heraus.<\/p>\n\n\t\t<style type=\"text\/css\">\n\t\t\t#gallery-1 {\n\t\t\t\tmargin: auto;\n\t\t\t}\n\t\t\t#gallery-1 .gallery-item {\n\t\t\t\tfloat: left;\n\t\t\t\tmargin-top: 10px;\n\t\t\t\ttext-align: center;\n\t\t\t\twidth: 20%;\n\t\t\t}\n\t\t\t#gallery-1 img {\n\t\t\t\tborder: 2px solid #cfcfcf;\n\t\t\t}\n\t\t\t#gallery-1 .gallery-caption {\n\t\t\t\tmargin-left: 0;\n\t\t\t}\n\t\t\t\/* see gallery_shortcode() in wp-includes\/media.php *\/\n\t\t<\/style>\n\t\t<div id='gallery-1' class='gallery galleryid-3789 gallery-columns-5 gallery-size-thumbnail'><dl class='gallery-item'>\n\t\t\t<dt class='gallery-icon landscape'>\n\t\t\t\t<a href='https:\/\/www.insective.com\/de\/mt-trap-3-2\/'><img loading=\"lazy\" decoding=\"async\" width=\"150\" height=\"150\" src=\"https:\/\/www.insective.com\/wp-content\/uploads\/2015\/12\/MT-trap-3-150x150.jpg\" class=\"attachment-thumbnail size-thumbnail\" alt=\"\" srcset=\"https:\/\/www.insective.com\/wp-content\/uploads\/2015\/12\/MT-trap-3-150x150.jpg 150w, https:\/\/www.insective.com\/wp-content\/uploads\/2015\/12\/MT-trap-3-180x180.jpg 180w\" sizes=\"(max-width: 150px) 100vw, 150px\" \/><\/a>\n\t\t\t<\/dt><\/dl><dl class='gallery-item'>\n\t\t\t<dt class='gallery-icon landscape'>\n\t\t\t\t<a href='https:\/\/www.insective.com\/de\/mt-trap-2-2\/'><img loading=\"lazy\" decoding=\"async\" width=\"150\" height=\"150\" src=\"https:\/\/www.insective.com\/wp-content\/uploads\/2015\/12\/MT-trap-2-150x150.jpg\" class=\"attachment-thumbnail size-thumbnail\" alt=\"\" srcset=\"https:\/\/www.insective.com\/wp-content\/uploads\/2015\/12\/MT-trap-2-150x150.jpg 150w, https:\/\/www.insective.com\/wp-content\/uploads\/2015\/12\/MT-trap-2-180x180.jpg 180w, https:\/\/www.insective.com\/wp-content\/uploads\/2015\/12\/MT-trap-2-300x300.jpg 300w\" sizes=\"(max-width: 150px) 100vw, 150px\" \/><\/a>\n\t\t\t<\/dt><\/dl><dl class='gallery-item'>\n\t\t\t<dt class='gallery-icon portrait'>\n\t\t\t\t<a href='https:\/\/www.insective.com\/de\/mt-trap_wall_5314-2\/'><img loading=\"lazy\" decoding=\"async\" width=\"150\" height=\"150\" src=\"https:\/\/www.insective.com\/wp-content\/uploads\/2015\/12\/MT-trap_wall_5314-150x150.jpg\" class=\"attachment-thumbnail size-thumbnail\" alt=\"\" srcset=\"https:\/\/www.insective.com\/wp-content\/uploads\/2015\/12\/MT-trap_wall_5314-150x150.jpg 150w, https:\/\/www.insective.com\/wp-content\/uploads\/2015\/12\/MT-trap_wall_5314-180x180.jpg 180w\" sizes=\"(max-width: 150px) 100vw, 150px\" \/><\/a>\n\t\t\t<\/dt><\/dl><dl class='gallery-item'>\n\t\t\t<dt class='gallery-icon portrait'>\n\t\t\t\t<a href='https:\/\/www.insective.com\/de\/wespe-bremsenfalle\/mt-trap_horsefly_5852-2\/'><img loading=\"lazy\" decoding=\"async\" width=\"150\" height=\"150\" src=\"https:\/\/www.insective.com\/wp-content\/uploads\/2015\/11\/MT-trap_Horsefly_5852-150x150.jpg\" class=\"attachment-thumbnail size-thumbnail\" alt=\"\" srcset=\"https:\/\/www.insective.com\/wp-content\/uploads\/2015\/11\/MT-trap_Horsefly_5852-150x150.jpg 150w, https:\/\/www.insective.com\/wp-content\/uploads\/2015\/11\/MT-trap_Horsefly_5852-180x180.jpg 180w, https:\/\/www.insective.com\/wp-content\/uploads\/2015\/11\/MT-trap_Horsefly_5852-300x300.jpg 300w, https:\/\/www.insective.com\/wp-content\/uploads\/2015\/11\/MT-trap_Horsefly_5852-600x600.jpg 600w\" sizes=\"(max-width: 150px) 100vw, 150px\" \/><\/a>\n\t\t\t<\/dt><\/dl><dl class='gallery-item'>\n\t\t\t<dt class='gallery-icon landscape'>\n\t\t\t\t<a href='https:\/\/www.insective.com\/de\/wespenfalle\/wespen_10020707_klein-2\/'><img loading=\"lazy\" decoding=\"async\" width=\"150\" height=\"150\" src=\"https:\/\/www.insective.com\/wp-content\/uploads\/2015\/06\/wespen_10020707_klein-150x150.jpg\" class=\"attachment-thumbnail size-thumbnail\" alt=\"\" \/><\/a>\n\t\t\t<\/dt><\/dl><br style=\"clear: both\" \/>\n\t\t<\/div>\n\n<p><em>(*) Die Wespen Fl\u00fcssigkeit ist mit dem MT-trap nicht Standard. Dies ist separat erh\u00e4ltlich.<\/em><\/p>\n<p>Einfache und effektive Bek\u00e4mpfung von Insekten, die Sie lieber nicht um Ihr Haus haben.<br \/>\n<em>Eine optionale Metallbodenhalterung ist separat erh\u00e4ltlich.<\/em><\/p>\n<h4>Instruktionen:<\/h4>\n<ul>\n<li>Das System funktioniert nur drau\u00dfen, da die Sonne notwendig ist, um den Ball zu erhitzen.<\/li>\n<li>Platzieren Sie die Falle ein St\u00fcck entfernt von Orten, an denen Personen sich aufhalten.<\/li>\n<li>Platzieren Sie die Falle im Sonnenlicht.<\/li>\n<li>Platzieren Sie die Falle h\u00f6chsten 1,8 m hoch und mindestens 1m hoch.<\/li>\n<li>Ist die Falle f\u00fcr Wespen gedacht, f\u00fcllen Sie die Wesp lockstoff\u00a0in die Falle.<\/li>\n<\/ul>\n","protected":false},"excerpt":{"rendered":"<p>Die Natur genie\u00dfen ohne l\u00e4stige Wespe\u00a0oder Bremsen. Wespe-Bremsenfalle &nbsp; Erkl\u00e4rung des Prinzips der\u00a0Wespe-Bremsenfalle MT-falle Das Prinzip, um Pferdebremsen anzulocken ist ein gepr\u00fcfte und akzeptierte Methode: Mit Hilfe der Sonne wird die Luft unter dem Trichter erhitzt. Diese wird dann vom schwarzen Ball absorbiert. Der Ball selbst reagiert darauf mit emittierender infrarot Energie. Dadurch werden die [&hellip;]<\/p>\n","protected":false},"author":7,"featured_media":0,"parent":0,"menu_order":0,"comment_status":"closed","ping_status":"closed","template":"","meta":{"footnotes":""},"class_list":["post-3789","page","type-page","status-publish","hentry"],"_links":{"self":[{"href":"https:\/\/www.insective.com\/de\/wp-json\/wp\/v2\/pages\/3789","targetHints":{"allow":["GET"]}}],"collection":[{"href":"https:\/\/www.insective.com\/de\/wp-json\/wp\/v2\/pages"}],"about":[{"href":"https:\/\/www.insective.com\/de\/wp-json\/wp\/v2\/types\/page"}],"author":[{"embeddable":true,"href":"https:\/\/www.insective.com\/de\/wp-json\/wp\/v2\/users\/7"}],"replies":[{"embeddable":true,"href":"https:\/\/www.insective.com\/de\/wp-json\/wp\/v2\/comments?post=3789"}],"version-history":[{"count":16,"href":"https:\/\/www.insective.com\/de\/wp-json\/wp\/v2\/pages\/3789\/revisions"}],"predecessor-version":[{"id":4545,"href":"https:\/\/www.insective.com\/de\/wp-json\/wp\/v2\/pages\/3789\/revisions\/4545"}],"wp:attachment":[{"href":"https:\/\/www.insective.com\/de\/wp-json\/wp\/v2\/media?parent=3789"}],"curies":[{"name":"wp","href":"https:\/\/api.w.org\/{rel}","templated":true}]}}