{"id":3943,"date":"2016-06-14T10:39:48","date_gmt":"2016-06-14T09:39:48","guid":{"rendered":"http:\/\/www.insective.com\/de\/?page_id=3943"},"modified":"2018-08-03T13:10:53","modified_gmt":"2018-08-03T12:10:53","slug":"wespenfalle","status":"publish","type":"page","link":"https:\/\/www.insective.com\/de\/wespenfalle\/","title":{"rendered":"Wespenfalle &#8211; W-trap"},"content":{"rendered":"<h2>W-trap, die wirksame Wespenfalle<\/h2>\n<div class=\"row clearfix\">\n<div class=\"box two \">\n<a href=\"https:\/\/www.insective.com\/wp-content\/uploads\/2018\/03\/W-trap_YB_environ443.jpg\"><img fetchpriority=\"high\" decoding=\"async\" class=\"alignleft wp-image-5464 \" src=\"https:\/\/www.insective.com\/wp-content\/uploads\/2018\/03\/W-trap_YB_environ443.jpg\" alt=\"\" width=\"727\" height=\"528\" srcset=\"https:\/\/www.insective.com\/wp-content\/uploads\/2018\/03\/W-trap_YB_environ443.jpg 708w, https:\/\/www.insective.com\/wp-content\/uploads\/2018\/03\/W-trap_YB_environ443-300x218.jpg 300w\" sizes=\"(max-width: 727px) 100vw, 727px\" \/><\/a><br \/>\n<\/div>\n<div class=\"box two \">\n<a href=\"\/\/www.insective.com\/wp-content\/uploads\/2015\/06\/2.13.4700_w-trap_leaflet_languages_2016_D.pdf\" target=\"_blank\" rel=\"noopener\"><img decoding=\"async\" class=\"alignright wp-image-4365\" src=\"https:\/\/www.insective.com\/wp-content\/uploads\/2015\/05\/Button_Insective_pdf.png\" alt=\"Button_Insective_pdf\" width=\"60\" height=\"60\" srcset=\"https:\/\/www.insective.com\/wp-content\/uploads\/2015\/05\/Button_Insective_pdf.png 293w, https:\/\/www.insective.com\/wp-content\/uploads\/2015\/05\/Button_Insective_pdf-150x150.png 150w, https:\/\/www.insective.com\/wp-content\/uploads\/2015\/05\/elementor\/thumbs\/Button_Insective_pdf-muof5hed726jyk5klw9y6blmirv6xjsu63qtwhecdc.png 80w\" sizes=\"(max-width: 60px) 100vw, 60px\" \/><\/a><br \/>\n<\/div>\n<\/div>\n<p>Wespen sind ein h\u00e4ufiges Problem im Sommer und Herbst. Gegen Ende des Sommer- und im Herbst \u2013 werden sie immer aggressiver und besteht die M\u00f6glichkeit, gestochen zu werden. Um dieses \u00c4rgernis von Wespen zu stoppen, hat Alcochem ein multifunktionales Wespenfalle entwickelt, die so genannte W-trap. Das Modell besteht aus einem Becherhalter, mit konischen \u00d6ffnungen im Deckel. Dies erm\u00f6glicht einen einfachen Zugang f\u00fcr Wespen, aber verhindert, dass eingegeben Wespen die Falle verlassen k\u00f6nnen.<\/p>\n<h4>\u00dcber das W-trap?<\/h4>\n<p>Ein Schraubdeckel ist auf der Oberseite der falle gelegt, An der Oberseite ist ein Schraubdeckel, um die Wespenfalle zu \u00f6ffnen und es regelm\u00e4\u00dfig zu leeren. Die Farbe und die Materialien der W-Falle sind optimal gew\u00e4hlt f\u00fcr eine gute Leistung.<\/p>\n<p>Die Wespenfalle ist f\u00fcr den Einsatz im Freien geeignet.<\/p>\n<p>Im Inneren der Wespenfalle wird eine Wespe Fl\u00fcssigkeit erwendet. (*) Wir empfehlen dringend, die Alcochem Wespenfalle Fl\u00fcssigkeit zu verwenden, die f\u00fcr eine effektive und schnelle Wespenfang optimiert ist.\u00a0Nicht nur, lockt der Duft die Wespen schnell in die W-Falle, aber die zus\u00e4tzliche nat\u00fcrliche Vinaigrette sorgt daf\u00fcr, dass die eingeschlossene Wespe schnell bet\u00e4ubt werden und fallen in die Fl\u00fcssigkeit, hiermit wird eine schnelle Abt\u00f6tung realisiert.<\/p>\n<p>Die Wespe Fl\u00fcssigkeit wird auf einem nicht-chemische und umweltfreundliche Basis entwickelt und ist absolut unsch\u00e4dlich f\u00fcr Mensch und Tier.<\/p>\n<p><i>(*) 1 Wespengranulatbeute <\/i><i>ist inbegriffen, aber ist auch separat erh\u00e4ltlich.<\/i><\/p>\n<h4>Die Falle bietet folgende klare Vorteile:<\/h4>\n<p>Die Falle wurde entwickelt, mit als Ausgangspunkt, Benutzerfreundlichkeit und die Haltbarkeit zu bieten,<br \/>\nkombiniert mit ein realistischer Preis f\u00fcr Endnutzer als auch industrielle Anwender.<\/p>\n<p><img decoding=\"async\" class=\" wp-image-2773 alignleft\" src=\"https:\/\/www.insective.com\/wp-content\/uploads\/2015\/06\/wasp-forbidden-150x150.jpg\" alt=\"wasp forbidden\" width=\"121\" height=\"121\" srcset=\"https:\/\/www.insective.com\/wp-content\/uploads\/2015\/06\/wasp-forbidden-150x150.jpg 150w, https:\/\/www.insective.com\/wp-content\/uploads\/2015\/06\/wasp-forbidden.jpg 260w\" sizes=\"(max-width: 121px) 100vw, 121px\" \/><\/p>\n","protected":false},"excerpt":{"rendered":"<p>W-trap, die wirksame Wespenfalle Wespen sind ein h\u00e4ufiges Problem im Sommer und Herbst. Gegen Ende des Sommer- und im Herbst \u2013 werden sie immer aggressiver und besteht die M\u00f6glichkeit, gestochen zu werden. Um dieses \u00c4rgernis von Wespen zu stoppen, hat Alcochem ein multifunktionales Wespenfalle entwickelt, die so genannte W-trap. Das Modell besteht aus einem Becherhalter, [&hellip;]<\/p>\n","protected":false},"author":7,"featured_media":0,"parent":0,"menu_order":0,"comment_status":"closed","ping_status":"closed","template":"","meta":{"footnotes":""},"class_list":["post-3943","page","type-page","status-publish","hentry"],"_links":{"self":[{"href":"https:\/\/www.insective.com\/de\/wp-json\/wp\/v2\/pages\/3943","targetHints":{"allow":["GET"]}}],"collection":[{"href":"https:\/\/www.insective.com\/de\/wp-json\/wp\/v2\/pages"}],"about":[{"href":"https:\/\/www.insective.com\/de\/wp-json\/wp\/v2\/types\/page"}],"author":[{"embeddable":true,"href":"https:\/\/www.insective.com\/de\/wp-json\/wp\/v2\/users\/7"}],"replies":[{"embeddable":true,"href":"https:\/\/www.insective.com\/de\/wp-json\/wp\/v2\/comments?post=3943"}],"version-history":[{"count":14,"href":"https:\/\/www.insective.com\/de\/wp-json\/wp\/v2\/pages\/3943\/revisions"}],"predecessor-version":[{"id":5965,"href":"https:\/\/www.insective.com\/de\/wp-json\/wp\/v2\/pages\/3943\/revisions\/5965"}],"wp:attachment":[{"href":"https:\/\/www.insective.com\/de\/wp-json\/wp\/v2\/media?parent=3943"}],"curies":[{"name":"wp","href":"https:\/\/api.w.org\/{rel}","templated":true}]}}