{"id":3955,"date":"2016-06-14T13:41:14","date_gmt":"2016-06-14T12:41:14","guid":{"rendered":"http:\/\/www.insective.com\/de\/?page_id=3955"},"modified":"2023-10-03T14:33:02","modified_gmt":"2023-10-03T13:33:02","slug":"kakerlaken-falle-xl","status":"publish","type":"page","link":"https:\/\/www.insective.com\/de\/kakerlaken-falle-xl\/","title":{"rendered":"Kakerlaken Falle XL"},"content":{"rendered":"<h3>Falle f\u00fcr Deutsche und Orientalische Kakerlaken<\/h3>\n<div class=\"row clearfix\">\n<div class=\"box two \">\n<a href=\"\/\/www.insective.com\/wp-content\/uploads\/2015\/06\/Blattella-germanica_Insective_web.jpg\"><img fetchpriority=\"high\" decoding=\"async\" class=\"alignnone size-full wp-image-4548\" src=\"\/\/www.insective.com\/wp-content\/uploads\/2015\/06\/Blattella-germanica_Insective_web.jpg\" alt=\"Blattella germanica_Insective_web\" width=\"533\" height=\"364\" srcset=\"https:\/\/www.insective.com\/wp-content\/uploads\/2015\/06\/Blattella-germanica_Insective_web.jpg 533w, https:\/\/www.insective.com\/wp-content\/uploads\/2015\/06\/Blattella-germanica_Insective_web-300x205.jpg 300w\" sizes=\"(max-width: 533px) 100vw, 533px\" \/><\/a><br \/>\n<\/div>\n<div class=\"box two \">\n<p>Die Fallen beabsichtigen das Beobachten und Fangen von Kakerlaken.<br \/>\nEffektiv gegen: Blatella germanica, Periplaneta americana und andere Kakerlakenarten.<\/p>\n<p>&nbsp;<\/p>\n<p>&nbsp;<\/p>\n<p>&nbsp;<\/p>\n<p><a href=\"\/\/www.insective.com\/wp-content\/uploads\/2016\/08\/2.03.1500_Cockroach_Pagoda_D.pdf\" target=\"_blank\" rel=\"noopener\"><img decoding=\"async\" class=\"alignright wp-image-4365\" src=\"https:\/\/www.insective.com\/wp-content\/uploads\/2015\/05\/Button_Insective_pdf.png\" alt=\"Button_Insective_pdf\" width=\"60\" height=\"60\" srcset=\"https:\/\/www.insective.com\/wp-content\/uploads\/2015\/05\/Button_Insective_pdf.png 293w, https:\/\/www.insective.com\/wp-content\/uploads\/2015\/05\/Button_Insective_pdf-150x150.png 150w, https:\/\/www.insective.com\/wp-content\/uploads\/2015\/05\/elementor\/thumbs\/Button_Insective_pdf-muof5hed726jyk5klw9y6blmirv6xjsu63qtwhecdc.png 80w\" sizes=\"(max-width: 60px) 100vw, 60px\" \/><\/a><\/p>\n<\/div>\n<\/div>\n\n\t\t<blockquote class=\"pullquote alignright\" data-rt-animate=\"animate\" data-rt-animation-type=\"fadeInDown\" data-rt-animation-group=\"single\">\n<p>Die Kakerlaken Falle XL beabsichtigen das Beobachten und Fangen von Kakerlaken.<\/p>\n<\/blockquote>\n\t\n<p>Die Kakerlaken Falle XL beabsichtigen das Beobachten und Fangen von Kakerlaken. Die Fallen enthalten Fl\u00fcssigekeit, die von Granulat bedeckt ist.<\/p>\n<h4>Werkweise:<\/h4>\n<p>Die Fallen enthalten einen Lockstoff, der auf einer Mischung von Lebensmittelzus\u00e4tzen basiert. Der Lockstoff befindet sich auf einer Platte und dient dazu Insekten in die Falle zu locken.<\/p>\n<h4>Gebrauchshinweise:<\/h4>\n<p>In Haushalten sollte die Falle nahe der durch Kakerlaken oft aufgesuchten Stelle platziert werden.Dies sind Orte, wo Nahrungsmittel anwesend sind. Die Insekten halten sich auch oft an feuchten Orten auf, also in der N\u00e4he von Wasserh\u00e4hnen und Orte, an denen sich Kondensdampf ablagert. Die Fallen sollten entlang der Wand oder in einer Ecke aufgestellt werden, wo oft Insekten gesichtet wurden.<br \/>\nIm Optimalfall deckt eine Falle 20m2 ab. Au\u00dferhalb von Haushalten sollten die Fallen von geschulten Spezialisten aufgestellt werden. Es wird empfohlen, die Falle in einem Schutzgeh\u00e4use aufzustellen.<\/p>\n<h4>Bedingungen<\/h4>\n<p>Die Kakerlaken Falle XL arbeiten am besten bei einer Temperatur von +5-+40 Grad Celsius. Bei einer Temperatur \u00fcber +30 Grad Celsius kann sich das sch\u00fctzende Papier an der Produktoberfl\u00e4che l\u00f6sen. In diesem Fall wird empfohlen, die Falle f\u00fcr 20 Sekunden in den Gefrierschrank zu stellen.<\/p>\n<h4>Lebensdauer:<\/h4>\n<p>In verpacktem Zustand ist die Falle 36 Monate vom Herstellungsdatum an haltbar. Unverpackt und in Gebrauch h\u00e4lt die Falle zwischen 30-60 Tagen. Die Haltbarkeit verk\u00fcrzt sich bei starker Dampfentwicklung.<br \/>\nDas Produkt ist ungef\u00e4hrlich f\u00fcr Menschen und Haustiere. Es enth\u00e4lt keine gef\u00e4hrlichen Substanzen.<\/p>\n","protected":false},"excerpt":{"rendered":"<p>Falle f\u00fcr Deutsche und Orientalische Kakerlaken Die Kakerlaken Falle XL beabsichtigen das Beobachten und Fangen von Kakerlaken. Die Fallen enthalten Fl\u00fcssigekeit, die von Granulat bedeckt ist. Werkweise: Die Fallen enthalten einen Lockstoff, der auf einer Mischung von Lebensmittelzus\u00e4tzen basiert. Der Lockstoff befindet sich auf einer Platte und dient dazu Insekten in die Falle zu locken. [&hellip;]<\/p>\n","protected":false},"author":7,"featured_media":0,"parent":0,"menu_order":0,"comment_status":"closed","ping_status":"closed","template":"","meta":{"footnotes":""},"class_list":["post-3955","page","type-page","status-publish","hentry"],"_links":{"self":[{"href":"https:\/\/www.insective.com\/de\/wp-json\/wp\/v2\/pages\/3955","targetHints":{"allow":["GET"]}}],"collection":[{"href":"https:\/\/www.insective.com\/de\/wp-json\/wp\/v2\/pages"}],"about":[{"href":"https:\/\/www.insective.com\/de\/wp-json\/wp\/v2\/types\/page"}],"author":[{"embeddable":true,"href":"https:\/\/www.insective.com\/de\/wp-json\/wp\/v2\/users\/7"}],"replies":[{"embeddable":true,"href":"https:\/\/www.insective.com\/de\/wp-json\/wp\/v2\/comments?post=3955"}],"version-history":[{"count":27,"href":"https:\/\/www.insective.com\/de\/wp-json\/wp\/v2\/pages\/3955\/revisions"}],"predecessor-version":[{"id":6715,"href":"https:\/\/www.insective.com\/de\/wp-json\/wp\/v2\/pages\/3955\/revisions\/6715"}],"wp:attachment":[{"href":"https:\/\/www.insective.com\/de\/wp-json\/wp\/v2\/media?parent=3955"}],"curies":[{"name":"wp","href":"https:\/\/api.w.org\/{rel}","templated":true}]}}