{"id":2415,"date":"2015-05-28T13:50:38","date_gmt":"2015-05-28T12:50:38","guid":{"rendered":"http:\/\/www.insective.com\/?page_id=2415"},"modified":"2019-08-08T14:36:21","modified_gmt":"2019-08-08T13:36:21","slug":"spaans","status":"publish","type":"page","link":"https:\/\/www.insective.com\/es\/spaans\/","title":{"rendered":"Sobre nosotros"},"content":{"rendered":"<h3>Insective dise\u00f1ado por Alcochem Hygiene<\/h3>\n<p><span style=\"line-height: 1.5;\"><a href=\"http:\/\/www.insective.com\/wp-content\/uploads\/2015\/06\/blad-logo_insective_2015_800px.jpg\"><img decoding=\"async\" class=\" size-full wp-image-2789 alignleft\" src=\"http:\/\/www.insective.com\/wp-content\/uploads\/2015\/06\/blad-logo_insective_2015_800px.jpg\" alt=\"blad-logo_insective_2015\" width=\"280\" height=\"107\" \/><\/a><\/span><\/p>\n<p>Alcochem fue constituido en 1974 y en el a\u00f1o 2005 dio comienzo a su divisi\u00f3n Hygiene desarrollando productos no-qu\u00edmicos para los segmentos profesionales dedicados a la higiene ambiental y el control de plagas a nivel global. La sede central se sit\u00faa en el pueblo de Nijkerk (Holanda) a la que sumamos delegaciones en Waalre (Holanda), Pek\u00edn (CH), Mosc\u00fa (RUS), y Santiago (CL) y una planta de producci\u00f3n en Radom (Polonia).<\/p>\n<p><em>La presencia de Alcochem Hygiene se encuentra hoy d\u00eda en m\u00e1s de 55 pa\u00edses a nivel global.<\/em><\/p>\n<h4><\/h4>\n<h4>Manufactura<\/h4>\n<p>Dise\u00f1o, desarrollo, innovaci\u00f3n, nuevas tecnolog\u00edas, manufactura y log\u00edstica son las claves sobre las que construimos nuestras competencias que nos permiten servir a diversas industrias a nivel global y donde conservamos a d\u00eda de hoy una red de suministros extensivo proporcionando productos de primera calidad a profesionales y particulares.<\/p>\n<h4>Alcochem servicios y compromisos<\/h4>\n<p>Armadilha 15. Alcochem proporciona productos con prestaciones sumamente competitivos a su clientela. Los productos Alcochem cumplen con sus cometidos y son duraderos en el tiempo por lo que los equipos luminosos traen una garant\u00eda de uno a\u00f1os sobre defectos el\u00e9ctricos o mec\u00e1nicos.<\/p>\n","protected":false},"excerpt":{"rendered":"<p>Insective dise\u00f1ado por Alcochem Hygiene Alcochem fue constituido en 1974 y en el a\u00f1o 2005 dio comienzo a su divisi\u00f3n Hygiene desarrollando productos no-qu\u00edmicos para los segmentos profesionales dedicados a la higiene ambiental y el control de plagas a nivel global. La sede central se sit\u00faa en el pueblo de Nijkerk (Holanda) a la que [&hellip;]<\/p>\n","protected":false},"author":7,"featured_media":0,"parent":0,"menu_order":0,"comment_status":"open","ping_status":"open","template":"","meta":{"footnotes":""},"class_list":["post-2415","page","type-page","status-publish","hentry"],"_links":{"self":[{"href":"https:\/\/www.insective.com\/es\/wp-json\/wp\/v2\/pages\/2415","targetHints":{"allow":["GET"]}}],"collection":[{"href":"https:\/\/www.insective.com\/es\/wp-json\/wp\/v2\/pages"}],"about":[{"href":"https:\/\/www.insective.com\/es\/wp-json\/wp\/v2\/types\/page"}],"author":[{"embeddable":true,"href":"https:\/\/www.insective.com\/es\/wp-json\/wp\/v2\/users\/7"}],"replies":[{"embeddable":true,"href":"https:\/\/www.insective.com\/es\/wp-json\/wp\/v2\/comments?post=2415"}],"version-history":[{"count":10,"href":"https:\/\/www.insective.com\/es\/wp-json\/wp\/v2\/pages\/2415\/revisions"}],"predecessor-version":[{"id":4468,"href":"https:\/\/www.insective.com\/es\/wp-json\/wp\/v2\/pages\/2415\/revisions\/4468"}],"wp:attachment":[{"href":"https:\/\/www.insective.com\/es\/wp-json\/wp\/v2\/media?parent=2415"}],"curies":[{"name":"wp","href":"https:\/\/api.w.org\/{rel}","templated":true}]}}