{"id":2641,"date":"2015-06-02T15:41:23","date_gmt":"2015-06-02T14:41:23","guid":{"rendered":"http:\/\/www.insective.com\/?page_id=2641"},"modified":"2023-10-03T12:20:18","modified_gmt":"2023-10-03T11:20:18","slug":"pececillo-de-plata","status":"publish","type":"page","link":"https:\/\/www.insective.com\/es\/pececillo-de-plata\/","title":{"rendered":"Pececillo de plata (S-trap)"},"content":{"rendered":"<h3>Trampa con atrayente para la detecci\u00f3n de pececillos de plata e insectos de fuego<\/h3>\n<p><a href=\"https:\/\/www.insective.com\/wp-content\/uploads\/2015\/05\/product-overview.jpg\"><img fetchpriority=\"high\" decoding=\"async\" class=\" wp-image-2577 alignleft\" src=\"https:\/\/www.insective.com\/wp-content\/uploads\/2015\/05\/product-overview.jpg\" alt=\"product overview\" width=\"533\" height=\"322\" srcset=\"https:\/\/www.insective.com\/wp-content\/uploads\/2015\/05\/product-overview.jpg 578w, https:\/\/www.insective.com\/wp-content\/uploads\/2015\/05\/product-overview-300x181.jpg 300w\" sizes=\"(max-width: 533px) 100vw, 533px\" \/><\/a><\/p>\n<p>Pececillos de plata e insectos de fuego habitan en entornos h\u00famedos con un nivel relativo de humedad entre 75% y 95%. En zonas urbanas se pueden encontrar en museos, \u00e1ticos, restaurantes, s\u00f3tanos, ba\u00f1eras, duchas y piscinas cubiertas.<\/p>\n<p>La nueva trampa \u2019S-Trap\u2019 para la captura de pececillos de plata e insectos de fuego es dise\u00f1ada con conocimientos fundados sobre la naturaleza del comportamiento de los insectos.<a href=\"https:\/\/www.insective.com\/wp-content\/uploads\/2015\/05\/s-trap_productline.jpg\"><img decoding=\"async\" class=\"wp-image-2996 alignright\" src=\"https:\/\/www.insective.com\/wp-content\/uploads\/2015\/05\/s-trap_productline.jpg\" alt=\"\" width=\"292\" height=\"129\" srcset=\"https:\/\/www.insective.com\/wp-content\/uploads\/2015\/05\/s-trap_productline.jpg 2805w, https:\/\/www.insective.com\/wp-content\/uploads\/2015\/05\/s-trap_productline-300x133.jpg 300w, https:\/\/www.insective.com\/wp-content\/uploads\/2015\/05\/s-trap_productline-1024x453.jpg 1024w\" sizes=\"(max-width: 292px) 100vw, 292px\" \/><\/a><a href=\"http:\/\/www.insective.com\/es\/video-es\/\" target=\"_blank\" rel=\"noopener\"><img decoding=\"async\" class=\"alignright wp-image-4361\" src=\"https:\/\/www.insective.com\/wp-content\/uploads\/2015\/05\/Buttons_Insective_video.png\" alt=\"Buttons_Insective_video\" width=\"60\" height=\"60\" srcset=\"https:\/\/www.insective.com\/wp-content\/uploads\/2015\/05\/Buttons_Insective_video.png 293w, https:\/\/www.insective.com\/wp-content\/uploads\/2015\/05\/Buttons_Insective_video-150x150.png 150w, https:\/\/www.insective.com\/wp-content\/uploads\/2015\/05\/elementor\/thumbs\/Buttons_Insective_video-muof5dn0fq1eo4b17unfwcjs58dq2rdwtl4vzdjx28.png 80w\" sizes=\"(max-width: 60px) 100vw, 60px\" \/><\/a><a href=\"https:\/\/www.insective.com\/wp-content\/uploads\/2023\/10\/2.13.0021_0041_S-trap_ES_2.0-2023.pdf\" target=\"_blank\" rel=\"noopener\"><img loading=\"lazy\" decoding=\"async\" class=\"alignright wp-image-4365\" src=\"https:\/\/www.insective.com\/wp-content\/uploads\/2015\/05\/Button_Insective_pdf.png\" alt=\"Button_Insective_pdf\" width=\"60\" height=\"60\" srcset=\"https:\/\/www.insective.com\/wp-content\/uploads\/2015\/05\/Button_Insective_pdf.png 293w, https:\/\/www.insective.com\/wp-content\/uploads\/2015\/05\/Button_Insective_pdf-150x150.png 150w, https:\/\/www.insective.com\/wp-content\/uploads\/2015\/05\/elementor\/thumbs\/Button_Insective_pdf-muof5hed726jyk5klw9y6blmirv6xjsu63qtwhecdc.png 80w\" sizes=\"(max-width: 60px) 100vw, 60px\" \/><\/a><\/p>\n<p>&nbsp;<\/p>\n<h4><\/h4>\n<p>&nbsp;<\/p>\n<p>&nbsp;<\/p>\n<p>&nbsp;<\/p>\n\n\t\t<blockquote class=\"pullquote alignright\" data-rt-animate=\"animate\" data-rt-animation-type=\"fadeInDown\" data-rt-animation-group=\"single\">\n<p>En el interior de la trampa se coloca una pastilla de feromona cuyo olor es de los preferentes para los pececillos de plata\/insectos de fuego.<\/p>\n<\/blockquote>\n\t\n<h4>C\u00f3mo funciona el S-trap?<\/h4>\n<p>Con su soporte el S-trap se posiciona en un sitio discreto sobre el suelo en lugares relativamente h\u00famedos.<\/p>\n<p>Los insectos se adentran a la tramps por las aperturas y \u2013 una vez en el interior \u2013 son capturados sobre una l\u00e1mina adhesiva. El S-trap reduce la poblaci\u00f3n de los insectos de modo significante y de manera selectiva.<\/p>\n<h4>El S-trap proporciona unas clara ventajas:<\/h4>\n<p>1. Selectividad de captura para los insectos que han de ser controlados\/capturados.<br \/>\n2. Por una manipulaci\u00f3n c\u00f3moda, polvo y suciedad no contaminan la trampa.<br \/>\n3. Al ser transparente el monitoreo del S-trap se hace en un instante.<br \/>\n4. El S-trap es compacto y ligero, sencillo de manipular y transportar.<br \/>\n5. El S-trap es construido de tal forma que no permite contacto f\u00edsico con el pegamento,<br \/>\nsiendo su manipulaci\u00f3n higienica y segura.<br \/>\n6. Despu\u00e9s de su uso el S-trap puede ser retirado como basura normal.<\/p>\n\n\t\t<style type=\"text\/css\">\n\t\t\t#gallery-1 {\n\t\t\t\tmargin: auto;\n\t\t\t}\n\t\t\t#gallery-1 .gallery-item {\n\t\t\t\tfloat: left;\n\t\t\t\tmargin-top: 10px;\n\t\t\t\ttext-align: center;\n\t\t\t\twidth: 16%;\n\t\t\t}\n\t\t\t#gallery-1 img {\n\t\t\t\tborder: 2px solid #cfcfcf;\n\t\t\t}\n\t\t\t#gallery-1 .gallery-caption {\n\t\t\t\tmargin-left: 0;\n\t\t\t}\n\t\t\t\/* see gallery_shortcode() in wp-includes\/media.php *\/\n\t\t<\/style>\n\t\t<div id='gallery-1' class='gallery galleryid-2641 gallery-columns-6 gallery-size-thumbnail'><dl class='gallery-item'>\n\t\t\t<dt class='gallery-icon landscape'>\n\t\t\t\t<a href='https:\/\/www.insective.com\/es\/pececillo-de-plata\/silverfish-trap-2\/'><img loading=\"lazy\" decoding=\"async\" width=\"150\" height=\"150\" src=\"https:\/\/www.insective.com\/wp-content\/uploads\/2015\/06\/silverfish-trap-150x150.jpg\" class=\"attachment-thumbnail size-thumbnail\" alt=\"\" \/><\/a>\n\t\t\t<\/dt><\/dl><dl class='gallery-item'>\n\t\t\t<dt class='gallery-icon landscape'>\n\t\t\t\t<a href='https:\/\/www.insective.com\/es\/pececillo-de-plata\/silverfish2-2\/'><img loading=\"lazy\" decoding=\"async\" width=\"150\" height=\"150\" src=\"https:\/\/www.insective.com\/wp-content\/uploads\/2015\/06\/silverfish2-150x150.jpg\" class=\"attachment-thumbnail size-thumbnail\" alt=\"\" \/><\/a>\n\t\t\t<\/dt><\/dl>\n\t\t\t<br style='clear: both' \/>\n\t\t<\/div>\n\n<h4>Especificaciones T\u00e9cnicas<\/h4>\n\n<table id=\"tablepress-8\" class=\"tablepress tablepress-id-8\">\n<thead>\n<tr class=\"row-1\">\n\t<th class=\"column-1\">Aplicaci\u00f3n sumamente eficaz contra<br \/>\nMaterial\u2028<br \/>\nEspec\u00edfico<br \/>\nMontaje\u2028<br \/>\nInstrucciones espec\u00edficas<br \/>\nMedidas<br \/>\nCaducidad <\/th><th class=\"column-2\">Lepisma saccharina,Thermobia domestica<br \/>\nPS transparente, tapa abatible<br \/>\nEstructura transparente, hermetico; pegamento liquido, estable que no corre ni se despega; pastilla de atracci\u00f3n<br \/>\nPara colocar directamente sobre un piso nivelado<br \/>\nImportante! \u2013 la trampa debe posicionarse sobre una super cie limpio y liso<br \/>\n11,8 x 11,1 x 1,0 cm (L x W x Alt.)<br \/>\n24 meses desde fecha de producci\u00f3n.<\/th>\n<\/tr>\n<\/thead>\n<tbody class=\"row-striping row-hover\">\n<\/tbody>\n<\/table>\n\n","protected":false},"excerpt":{"rendered":"<p>Trampa con atrayente para la detecci\u00f3n de pececillos de plata e insectos de fuego Pececillos de plata e insectos de fuego habitan en entornos h\u00famedos con un nivel relativo de humedad entre 75% y 95%. En zonas urbanas se pueden encontrar en museos, \u00e1ticos, restaurantes, s\u00f3tanos, ba\u00f1eras, duchas y piscinas cubiertas. La nueva trampa \u2019S-Trap\u2019 [&hellip;]<\/p>\n","protected":false},"author":7,"featured_media":0,"parent":0,"menu_order":0,"comment_status":"open","ping_status":"open","template":"","meta":{"footnotes":""},"class_list":["post-2641","page","type-page","status-publish","hentry"],"_links":{"self":[{"href":"https:\/\/www.insective.com\/es\/wp-json\/wp\/v2\/pages\/2641","targetHints":{"allow":["GET"]}}],"collection":[{"href":"https:\/\/www.insective.com\/es\/wp-json\/wp\/v2\/pages"}],"about":[{"href":"https:\/\/www.insective.com\/es\/wp-json\/wp\/v2\/types\/page"}],"author":[{"embeddable":true,"href":"https:\/\/www.insective.com\/es\/wp-json\/wp\/v2\/users\/7"}],"replies":[{"embeddable":true,"href":"https:\/\/www.insective.com\/es\/wp-json\/wp\/v2\/comments?post=2641"}],"version-history":[{"count":23,"href":"https:\/\/www.insective.com\/es\/wp-json\/wp\/v2\/pages\/2641\/revisions"}],"predecessor-version":[{"id":6708,"href":"https:\/\/www.insective.com\/es\/wp-json\/wp\/v2\/pages\/2641\/revisions\/6708"}],"wp:attachment":[{"href":"https:\/\/www.insective.com\/es\/wp-json\/wp\/v2\/media?parent=2641"}],"curies":[{"name":"wp","href":"https:\/\/api.w.org\/{rel}","templated":true}]}}