{"id":2706,"date":"2015-06-03T14:10:08","date_gmt":"2015-06-03T13:10:08","guid":{"rendered":"http:\/\/www.insective.com\/?page_id=2706"},"modified":"2016-08-02T14:08:07","modified_gmt":"2016-08-02T13:08:07","slug":"cinta-pegajosa-10s","status":"publish","type":"page","link":"https:\/\/www.insective.com\/es\/cinta-pegajosa-10s\/","title":{"rendered":"Cinta pegajosa 10S"},"content":{"rendered":"<h3>Cinta pegajosa 10S para atracci\u00f3n y captura de insectos voladores &#8211; uso en interiores.<\/h3>\n<div class=\"row clearfix\">\n<div class=\"box two \">\n<h3><a href=\"http:\/\/www.insective.com\/wp-content\/uploads\/2015\/06\/Flyroll10Sweb.png\"><img fetchpriority=\"high\" decoding=\"async\" class=\"alignleft wp-image-3193 size-full\" src=\"http:\/\/www.insective.com\/wp-content\/uploads\/2015\/06\/Flyroll10Sweb.png\" alt=\"\" width=\"533\" height=\"371\" srcset=\"https:\/\/www.insective.com\/wp-content\/uploads\/2015\/06\/Flyroll10Sweb.png 533w, https:\/\/www.insective.com\/wp-content\/uploads\/2015\/06\/Flyroll10Sweb-300x209.png 300w\" sizes=\"(max-width: 533px) 100vw, 533px\" \/><\/a><\/h3>\n<\/div>\n<div class=\"box two \">\n<p>La cinta pegajosa 10S contiene dibujos y colores atrayentes a las moscas.\u00a0A trav\u00e9s del pegamento sumamente resistente las moscas son atrapadas\u00a0sobre la cinta.<\/p>\n<p>&nbsp;<\/p>\n<p>&nbsp;<\/p>\n<p><a href=\"http:\/\/www.insective.com\/wp-content\/uploads\/2015\/06\/Flypaperroll_DE.jpg\"><img decoding=\"async\" class=\"wp-image-3229 alignright\" src=\"http:\/\/www.insective.com\/wp-content\/uploads\/2015\/06\/Flypaperroll_DE.jpg\" alt=\"Flypaperroll_DE\" width=\"220\" height=\"228\" \/><\/a><\/p>\n<p><a href=\"http:\/\/www.insective.com\/wp-content\/uploads\/2015\/06\/Flyroll-InsectiveES.pdf\" target=\"_blank\"><img decoding=\"async\" class=\"alignright wp-image-4366\" src=\"http:\/\/www.insective.com\/wp-content\/uploads\/2015\/05\/Button_Insective_pdf.png\" alt=\"Button_Insective_pdf\" width=\"60\" height=\"60\" srcset=\"https:\/\/www.insective.com\/wp-content\/uploads\/2015\/05\/Button_Insective_pdf.png 293w, https:\/\/www.insective.com\/wp-content\/uploads\/2015\/05\/Button_Insective_pdf-150x150.png 150w, https:\/\/www.insective.com\/wp-content\/uploads\/2015\/05\/elementor\/thumbs\/Button_Insective_pdf-muof5hed726jyk5klw9y6blmirv6xjsu63qtwhecdc.png 80w\" sizes=\"(max-width: 60px) 100vw, 60px\" \/><\/a><\/div>\n<\/div>\n\n\t\t<blockquote class=\"pullquote alignright\" data-rt-animate=\"animate\" data-rt-animation-type=\"fadeInDown\" data-rt-animation-group=\"single\">\n<p>La cinta pegajosa 10S marca Insective contiene un patr\u00f3n optimizado para atracci\u00f3n y captura del insecto volador.<\/p>\n<\/blockquote>\n\t\n<p>La cinta pegajosa 10S marca Insective\u00a0contiene un patr\u00f3n optimizado para atracci\u00f3n y captura del insecto volador.<\/p>\n<p><em>Cada rollo contiene 10m de cinta. <\/em><\/p>\n<p>El pegamento org\u00e1nico, inofensivo y espec\u00edfico ha sido desarrollado para retener al insecto sobre la cinta.<em> <em>De f\u00e1cil mantenci\u00f3n y 100% desechable.\u00a0 <\/em><\/em><\/p>\n<h4>Comienza a utilizar la Cinta Pegajosa 10S marca Insective:<\/h4>\n<p>1. Remover el envoltorio \u2013 No remover la cuerda.<br \/>\n2. Colgar rollo por la cuerda a un \u00e1ngulo o un clavo.<br \/>\n3. Deslizar rollo con el pegamento hac\u00eda abajo hasta donde se requiere.<br \/>\n4. Colgar por la cuerda \u2013 una vez desenrollado el tramo de cinta requerido.<br \/>\n5. Para mejores resultados desenrollar la cinta por completo \u2013 si posible.<\/p>\n\n\t\t<style type=\"text\/css\">\n\t\t\t#gallery-1 {\n\t\t\t\tmargin: auto;\n\t\t\t}\n\t\t\t#gallery-1 .gallery-item {\n\t\t\t\tfloat: left;\n\t\t\t\tmargin-top: 10px;\n\t\t\t\ttext-align: center;\n\t\t\t\twidth: 20%;\n\t\t\t}\n\t\t\t#gallery-1 img {\n\t\t\t\tborder: 2px solid #cfcfcf;\n\t\t\t}\n\t\t\t#gallery-1 .gallery-caption {\n\t\t\t\tmargin-left: 0;\n\t\t\t}\n\t\t\t\/* see gallery_shortcode() in wp-includes\/media.php *\/\n\t\t<\/style>\n\t\t<div id='gallery-1' class='gallery galleryid-2706 gallery-columns-5 gallery-size-thumbnail'><dl class='gallery-item'>\n\t\t\t<dt class='gallery-icon landscape'>\n\t\t\t\t<a href='https:\/\/www.insective.com\/es\/cinta-pegajosa-10s\/flypaperroll_de_1064_web-2\/'><img loading=\"lazy\" decoding=\"async\" width=\"150\" height=\"150\" src=\"https:\/\/www.insective.com\/wp-content\/uploads\/2015\/06\/Flypaperroll_DE_1064_web-150x150.jpg\" class=\"attachment-thumbnail size-thumbnail\" alt=\"\" \/><\/a>\n\t\t\t<\/dt><\/dl><dl class='gallery-item'>\n\t\t\t<dt class='gallery-icon landscape'>\n\t\t\t\t<a href='https:\/\/www.insective.com\/es\/cinta-pegajosa-10s\/flypaperroll_de_1066_web-2\/'><img loading=\"lazy\" decoding=\"async\" width=\"150\" height=\"150\" src=\"https:\/\/www.insective.com\/wp-content\/uploads\/2015\/06\/Flypaperroll_DE_1066_web-150x150.jpg\" class=\"attachment-thumbnail size-thumbnail\" alt=\"\" \/><\/a>\n\t\t\t<\/dt><\/dl><dl class='gallery-item'>\n\t\t\t<dt class='gallery-icon landscape'>\n\t\t\t\t<a href='https:\/\/www.insective.com\/es\/cinta-pegajosa-10s\/flypaperroll_de_1067_web-2\/'><img loading=\"lazy\" decoding=\"async\" width=\"150\" height=\"150\" src=\"https:\/\/www.insective.com\/wp-content\/uploads\/2015\/06\/Flypaperroll_DE_1067_web-150x150.jpg\" class=\"attachment-thumbnail size-thumbnail\" alt=\"\" \/><\/a>\n\t\t\t<\/dt><\/dl><dl class='gallery-item'>\n\t\t\t<dt class='gallery-icon landscape'>\n\t\t\t\t<a href='https:\/\/www.insective.com\/es\/cinta-pegajosa-10s\/flypaperroll_de_1070_web-2\/'><img loading=\"lazy\" decoding=\"async\" width=\"150\" height=\"150\" src=\"https:\/\/www.insective.com\/wp-content\/uploads\/2015\/06\/Flypaperroll_DE_1070_web-150x150.jpg\" class=\"attachment-thumbnail size-thumbnail\" alt=\"\" \/><\/a>\n\t\t\t<\/dt><\/dl><dl class='gallery-item'>\n\t\t\t<dt class='gallery-icon portrait'>\n\t\t\t\t<a href='https:\/\/www.insective.com\/es\/cinta-pegajosa-10s\/flyroll_in_stable-2\/'><img loading=\"lazy\" decoding=\"async\" width=\"150\" height=\"150\" src=\"https:\/\/www.insective.com\/wp-content\/uploads\/2015\/06\/Flyroll_in_Stable-150x150.jpg\" class=\"attachment-thumbnail size-thumbnail\" alt=\"\" \/><\/a>\n\t\t\t<\/dt><\/dl><br style=\"clear: both\" \/>\n\t\t<\/div>\n\n<h4>Especificaciones<\/h4>\n\n<table id=\"tablepress-11\" class=\"tablepress tablepress-id-11\">\n<thead>\n<tr class=\"row-1\">\n\t<th class=\"column-1\">Nombre<br \/>\nDescripci\u00f3n<br \/>\nLargo<br \/>\nAncho<br \/>\nUtilidad<br \/>\nColor cinta <br \/>\nResistencia <br \/>\nRecuadros para conteo :<br \/>\nDurabilidad y Eficacia <br \/>\nCaducidad<br \/>\nBodegaje<br \/>\nAtrayente<br \/>\nPeso por rollo<br \/>\nDesechable<br \/>\nSostenibilidad<br \/>\nRestricciones<\/th><th class=\"column-2\">Cinta Pegajosa 10S <br \/>\nCinta pegajosa para control de insectos voladores <br \/>\n10 metros<br \/>\n0,25 metros<br \/>\nCaptura de insectos voladores en zonas interiores <br \/>\nBlanco <br \/>\nCinta resistente a humedad <br \/>\nNo contiene<br \/>\ndurante 8 semanas en el uso<br \/>\n60 months<br \/>\nMaximo a 25 degrees Celsius<br \/>\nNo contiene <br \/>\n0,32 kg <br \/>\nProducto no-qu\u00edmico \/ basura tradicional <br \/>\nOrg\u00e1nico y Pro medio-ambiental <br \/>\nNo existentes <\/th>\n<\/tr>\n<\/thead>\n<tbody class=\"row-striping row-hover\">\n<\/tbody>\n<\/table>\n\n<p>&nbsp;<\/p>\n","protected":false},"excerpt":{"rendered":"<p>Cinta pegajosa 10S para atracci\u00f3n y captura de insectos voladores &#8211; uso en interiores. La cinta pegajosa 10S marca Insective\u00a0contiene un patr\u00f3n optimizado para atracci\u00f3n y captura del insecto volador. Cada rollo contiene 10m de cinta. El pegamento org\u00e1nico, inofensivo y espec\u00edfico ha sido desarrollado para retener al insecto sobre la cinta. De f\u00e1cil mantenci\u00f3n [&hellip;]<\/p>\n","protected":false},"author":7,"featured_media":0,"parent":0,"menu_order":0,"comment_status":"closed","ping_status":"closed","template":"","meta":{"footnotes":""},"class_list":["post-2706","page","type-page","status-publish","hentry"],"_links":{"self":[{"href":"https:\/\/www.insective.com\/es\/wp-json\/wp\/v2\/pages\/2706","targetHints":{"allow":["GET"]}}],"collection":[{"href":"https:\/\/www.insective.com\/es\/wp-json\/wp\/v2\/pages"}],"about":[{"href":"https:\/\/www.insective.com\/es\/wp-json\/wp\/v2\/types\/page"}],"author":[{"embeddable":true,"href":"https:\/\/www.insective.com\/es\/wp-json\/wp\/v2\/users\/7"}],"replies":[{"embeddable":true,"href":"https:\/\/www.insective.com\/es\/wp-json\/wp\/v2\/comments?post=2706"}],"version-history":[{"count":15,"href":"https:\/\/www.insective.com\/es\/wp-json\/wp\/v2\/pages\/2706\/revisions"}],"predecessor-version":[{"id":4489,"href":"https:\/\/www.insective.com\/es\/wp-json\/wp\/v2\/pages\/2706\/revisions\/4489"}],"wp:attachment":[{"href":"https:\/\/www.insective.com\/es\/wp-json\/wp\/v2\/media?parent=2706"}],"curies":[{"name":"wp","href":"https:\/\/api.w.org\/{rel}","templated":true}]}}