{"id":2809,"date":"2015-06-04T14:29:12","date_gmt":"2015-06-04T13:29:12","guid":{"rendered":"http:\/\/www.insective.com\/?page_id=2809"},"modified":"2023-10-03T14:33:12","modified_gmt":"2023-10-03T13:33:12","slug":"cucarachas","status":"publish","type":"page","link":"https:\/\/www.insective.com\/es\/cucarachas\/","title":{"rendered":"Cucarachas"},"content":{"rendered":"<h3>Trampa pegajosa XL para Cucarachas Blattella Germanica e Orientalis<\/h3>\n<div class=\"row clearfix\">\n<div class=\"box two \">\n<a href=\"https:\/\/www.insective.com\/wp-content\/uploads\/2015\/06\/Blattella-germanica_Insective_web.jpg\" rel=\"attachment wp-att-3810\"><img fetchpriority=\"high\" decoding=\"async\" class=\"alignnone wp-image-4546 size-full\" src=\"https:\/\/www.insective.com\/wp-content\/uploads\/2015\/06\/Blattella-germanica_Insective_web.jpg\" width=\"533\" height=\"364\" srcset=\"https:\/\/www.insective.com\/wp-content\/uploads\/2015\/06\/Blattella-germanica_Insective_web.jpg 533w, https:\/\/www.insective.com\/wp-content\/uploads\/2015\/06\/Blattella-germanica_Insective_web-300x205.jpg 300w\" sizes=\"(max-width: 533px) 100vw, 533px\" \/><\/a><\/div>\n<div class=\"box two \">\n<p>Las trampas son utilizados para monitorear la presencia de cucarachas Blattella Germanica e Blatta Orientalis a trav\u00e9s de su captura.<\/p>\n<p>Eficaz contra Blattella Orientalis y Germanica, Periplaneta Americana y otras especies de cucarachas.<\/p>\n<p>&nbsp;<\/p>\n<p>&nbsp;<\/p>\n<p><a href=\"http:\/\/www.insective.com\/wp-content\/uploads\/2016\/08\/2.03.1500_Cockroach_Pagoda_ES.pdf\" target=\"_blank\" rel=\"noopener\"><img decoding=\"async\" class=\"alignright wp-image-4365\" src=\"https:\/\/www.insective.com\/wp-content\/uploads\/2015\/05\/Button_Insective_pdf.png\" alt=\"Button_Insective_pdf\" width=\"60\" height=\"60\" srcset=\"https:\/\/www.insective.com\/wp-content\/uploads\/2015\/05\/Button_Insective_pdf.png 293w, https:\/\/www.insective.com\/wp-content\/uploads\/2015\/05\/Button_Insective_pdf-150x150.png 150w, https:\/\/www.insective.com\/wp-content\/uploads\/2015\/05\/elementor\/thumbs\/Button_Insective_pdf-muof5hed726jyk5klw9y6blmirv6xjsu63qtwhecdc.png 80w\" sizes=\"(max-width: 60px) 100vw, 60px\" \/><\/a><\/p>\n<\/div>\n<\/div>\n<p>&nbsp;<\/p>\n\n\t\t<blockquote class=\"pullquote alignright\" data-rt-animate=\"animate\" data-rt-animation-type=\"fadeInDown\" data-rt-animation-group=\"single\">\n<p><i>Las trampas son utilizados para monitorear la presencia de cucarachas Blattella Germanica e Blatta Orientalis a trav\u00e9s de su captura.\u00a0<\/i><\/p>\n<\/blockquote>\n\t\n<p>Las trampas son utilizados para monitorear la presencia de cucarachas Blattella Germanica e Blatta Orientalis a trav\u00e9s de su captura.\u00a0Entre los m\u00e1s conocidos se encuentra la especie Blattella Germanica con unos 15mm y la especie Blatta Orientalis con unos 25mm &#8211; Blatta Tropicalis es una especie con un tama\u00f1o superior.<\/p>\n<p>Las trampas contienen un atrayente consistiendo de una mezcla de sustancias nutritivas. El atrayente emite un determinado olor para atraer a la cucaracha y se presenta disuelto en el pegamento o por separado en forma de pastilla o granulado.<\/p>\n<h4>Modo de uso:<\/h4>\n<p>Para hogares colocar las trampas cercano a lugares visitados por las cucarachas. Eso son lugares c\u00e1lidos, h\u00famedos y oscuras donde adem\u00e1s podemos encontrar comida almacenada o restos de comida. Posicionar las trampas en los caminos\u00a0 seguidos por las cucarachas, junto a paredes o en esquinas. Cada trampa cubre unos 20\u00a0m\u00b2.<\/p>\n<h4>Condiciones:<\/h4>\n<p>La temperatura \u00f3ptima para captura de la trampa es desde + 5\u00b0C hasta + 40\u00b0C.\u00a0A temperaturas superiores a 30\u00b0C, puede resultar complicado retirar la hoja protectora del pegamento. Recomendamos colocar la trampa en el refrigerador durante unos 15 a 30 segundos y la hoja protectora podr\u00e1 retirarse c\u00f3modamente entonces.<\/p>\n<h4>Caducidad:<\/h4>\n<p>En el empaque la vida \u00fatil de la trampa es de 36 meses. Una vez posicionado la trampa seguir\u00e1 activa durante 30 a 60 d\u00edas. Sus prestaciones \u00f3ptimas pueden verse limitado en el tiempo por factores contaminando al pegamento como una cantidad elevada de polvo en el entorno.<\/p>\n","protected":false},"excerpt":{"rendered":"<p>Trampa pegajosa XL para Cucarachas Blattella Germanica e Orientalis &nbsp; Las trampas son utilizados para monitorear la presencia de cucarachas Blattella Germanica e Blatta Orientalis a trav\u00e9s de su captura.\u00a0Entre los m\u00e1s conocidos se encuentra la especie Blattella Germanica con unos 15mm y la especie Blatta Orientalis con unos 25mm &#8211; Blatta Tropicalis es una [&hellip;]<\/p>\n","protected":false},"author":7,"featured_media":0,"parent":0,"menu_order":0,"comment_status":"closed","ping_status":"closed","template":"","meta":{"footnotes":""},"class_list":["post-2809","page","type-page","status-publish","hentry"],"_links":{"self":[{"href":"https:\/\/www.insective.com\/es\/wp-json\/wp\/v2\/pages\/2809","targetHints":{"allow":["GET"]}}],"collection":[{"href":"https:\/\/www.insective.com\/es\/wp-json\/wp\/v2\/pages"}],"about":[{"href":"https:\/\/www.insective.com\/es\/wp-json\/wp\/v2\/types\/page"}],"author":[{"embeddable":true,"href":"https:\/\/www.insective.com\/es\/wp-json\/wp\/v2\/users\/7"}],"replies":[{"embeddable":true,"href":"https:\/\/www.insective.com\/es\/wp-json\/wp\/v2\/comments?post=2809"}],"version-history":[{"count":10,"href":"https:\/\/www.insective.com\/es\/wp-json\/wp\/v2\/pages\/2809\/revisions"}],"predecessor-version":[{"id":6716,"href":"https:\/\/www.insective.com\/es\/wp-json\/wp\/v2\/pages\/2809\/revisions\/6716"}],"wp:attachment":[{"href":"https:\/\/www.insective.com\/es\/wp-json\/wp\/v2\/media?parent=2809"}],"curies":[{"name":"wp","href":"https:\/\/api.w.org\/{rel}","templated":true}]}}