{"id":2987,"date":"2015-09-30T13:44:14","date_gmt":"2015-09-30T12:44:14","guid":{"rendered":"http:\/\/www.insective.com\/?page_id=2987"},"modified":"2018-08-03T13:11:33","modified_gmt":"2018-08-03T12:11:33","slug":"avispas-w-trap","status":"publish","type":"page","link":"https:\/\/www.insective.com\/es\/avispas-w-trap\/","title":{"rendered":"Avispas &#8211; W-trap"},"content":{"rendered":"<h2>W-trap,\u00a0Trampa eficaz contra\u00a0Chaquetas Amarillas y Avispas<\/h2>\n<h3><img decoding=\"async\" class=\"alignright wp-image-4365\" src=\"https:\/\/www.insective.com\/wp-content\/uploads\/2015\/05\/Button_Insective_pdf.png\" alt=\"Button_Insective_pdf\" width=\"60\" height=\"60\" srcset=\"https:\/\/www.insective.com\/wp-content\/uploads\/2015\/05\/Button_Insective_pdf.png 293w, https:\/\/www.insective.com\/wp-content\/uploads\/2015\/05\/Button_Insective_pdf-150x150.png 150w, https:\/\/www.insective.com\/wp-content\/uploads\/2015\/05\/elementor\/thumbs\/Button_Insective_pdf-muof5hed726jyk5klw9y6blmirv6xjsu63qtwhecdc.png 80w\" sizes=\"(max-width: 60px) 100vw, 60px\" \/><\/h3>\n<p><a href=\"\/\/www.insective.com\/wp-content\/uploads\/2018\/03\/W-trap_YB_environ443.jpg\"><img fetchpriority=\"high\" decoding=\"async\" class=\"alignnone wp-image-5466\" src=\"https:\/\/www.insective.com\/wp-content\/uploads\/2018\/03\/W-trap_YB_environ443-300x218.jpg\" alt=\"\" width=\"402\" height=\"292\" srcset=\"https:\/\/www.insective.com\/wp-content\/uploads\/2018\/03\/W-trap_YB_environ443-300x218.jpg 300w, https:\/\/www.insective.com\/wp-content\/uploads\/2018\/03\/W-trap_YB_environ443.jpg 708w\" sizes=\"(max-width: 402px) 100vw, 402px\" \/><\/a><\/p>\n<h4>Chaquetas Amarillas y Avispas constituyen un problema com\u00fan en verano y oto\u00f1o.<\/h4>\n<p>Chaquetas Amarillas y Avispas constituyen un problema com\u00fan y en \u00e9pocas de calor se vuelven agresivas y nos hacen sufrir con sus picaduras. Para detener la plaga de las Chaquetas Amarillas, Alcochem ha desarrollado su nueva Trampa de Captura llamado W-Trap. Para uso en exteriores. El modelo consiste de un recipiente\/colector con aperturas c\u00f3nicas por los laterales. Las aperturas c\u00f3nicas laterales permiten un facil acceso a las Chaquetas Amarillas a la trampa pero impiden su salida desde el interior.<\/p>\n<div class=\"row clearfix\">\n<div class=\"box two \">\n<h4>\u00bfSobre el W-trap?<\/h4>\n<p><span style=\"line-height: 1.5;\">La tapa de rosca a la trampa es utilizada para vaciar, limpiar y volver a rellenar el recipiente del l\u00edquido atrayente. Los colores y materiales del W-trap fueron elegidos para proporcionar resultados y durabilidad en el tiempo. La trampa debe ser rellenada con el l\u00edquido atrayente(*) Recomendamos el uso del l\u00edquido atrayente de Alcochem que ha sido optimizado para una captura r\u00e1pida y eficaz de chaquetas amarillas y avispas.\u00a0\u00a0<\/span><span style=\"line-height: 1.5;\">No solo por su contenido natural y su insuperable calidad de atracci\u00f3n, tambi\u00e9n el l\u00edquido de Alcochem, debido a sus sustancias vol\u00e1tiles, provoca una sofocaci\u00f3n r\u00e1pida del insecto capturado.<\/span><\/p>\n<\/div>\n<div class=\"box two \">\n<p>&nbsp;<\/p>\n<p><span style=\"line-height: 1.5;\">El l\u00edquido atrayente ha sido confeccionado sobre una base no-qu\u00edmica y no-t\u00f3xica de ingredientes<br \/>\ncompletamente naturales y no constituye ning\u00fan peligro para humanos y animales. <\/span><\/p>\n<p><em style=\"line-height: 1.5;\">(*) 1 bolsa de granulado de avispa est\u00e1 incluida en el alcance del suministro.<\/em><\/p>\n<h4>Caracter\u00edsticas de la trampa W-trap:<\/h4>\n<p>La trampa ha sido dise\u00f1ada para\u00a0proporcionar resultados y durabilidad en el tiempo, en combinaci\u00f3n con una comodidad en el manejo para el usuario.<br \/>\n<\/div>\n<\/div>\n\n\t\t<style type=\"text\/css\">\n\t\t\t#gallery-1 {\n\t\t\t\tmargin: auto;\n\t\t\t}\n\t\t\t#gallery-1 .gallery-item {\n\t\t\t\tfloat: left;\n\t\t\t\tmargin-top: 10px;\n\t\t\t\ttext-align: center;\n\t\t\t\twidth: 25%;\n\t\t\t}\n\t\t\t#gallery-1 img {\n\t\t\t\tborder: 2px solid #cfcfcf;\n\t\t\t}\n\t\t\t#gallery-1 .gallery-caption {\n\t\t\t\tmargin-left: 0;\n\t\t\t}\n\t\t\t\/* see gallery_shortcode() in wp-includes\/media.php *\/\n\t\t<\/style>\n\t\t<div id='gallery-1' class='gallery galleryid-2987 gallery-columns-4 gallery-size-thumbnail'><dl class='gallery-item'>\n\t\t\t<dt class='gallery-icon landscape'>\n\t\t\t\t<a href='https:\/\/www.insective.com\/es\/avispas-w-trap\/w-trap-overview-2018-2\/'><img decoding=\"async\" width=\"150\" height=\"150\" src=\"https:\/\/www.insective.com\/wp-content\/uploads\/2018\/03\/w-trap-overview-2018-150x150.jpg\" class=\"attachment-thumbnail size-thumbnail\" alt=\"\" \/><\/a>\n\t\t\t<\/dt><\/dl><dl class='gallery-item'>\n\t\t\t<dt class='gallery-icon portrait'>\n\t\t\t\t<a href='https:\/\/www.insective.com\/es\/avispas-w-trap\/w-trap_open_with_attr_out-2\/'><img loading=\"lazy\" decoding=\"async\" width=\"150\" height=\"150\" src=\"https:\/\/www.insective.com\/wp-content\/uploads\/2018\/03\/w-trap_open_with_attr_out-150x150.jpg\" class=\"attachment-thumbnail size-thumbnail\" alt=\"\" \/><\/a>\n\t\t\t<\/dt><\/dl><dl class='gallery-item'>\n\t\t\t<dt class='gallery-icon portrait'>\n\t\t\t\t<a href='https:\/\/www.insective.com\/es\/avispas-w-trap\/w-trap_open_with_attr-2\/'><img loading=\"lazy\" decoding=\"async\" width=\"150\" height=\"150\" src=\"https:\/\/www.insective.com\/wp-content\/uploads\/2018\/03\/w-trap_open_with_attr-150x150.jpg\" class=\"attachment-thumbnail size-thumbnail\" alt=\"\" \/><\/a>\n\t\t\t<\/dt><\/dl><dl class='gallery-item'>\n\t\t\t<dt class='gallery-icon landscape'>\n\t\t\t\t<a href='https:\/\/www.insective.com\/es\/avispas-w-trap\/w-trap_open_water-2\/'><img loading=\"lazy\" decoding=\"async\" width=\"150\" height=\"150\" src=\"https:\/\/www.insective.com\/wp-content\/uploads\/2018\/03\/w-trap_open_water-150x150.jpg\" class=\"attachment-thumbnail size-thumbnail\" alt=\"\" \/><\/a>\n\t\t\t<\/dt><\/dl><br style=\"clear: both\" \/>\n\t\t<\/div>\n\n<h4><img loading=\"lazy\" decoding=\"async\" class=\" wp-image-2773 alignleft\" src=\"https:\/\/www.insective.com\/wp-content\/uploads\/2015\/06\/wasp-forbidden-150x150.jpg\" alt=\"wasp forbidden\" width=\"121\" height=\"121\" srcset=\"https:\/\/www.insective.com\/wp-content\/uploads\/2015\/06\/wasp-forbidden-150x150.jpg 150w, https:\/\/www.insective.com\/wp-content\/uploads\/2015\/06\/wasp-forbidden.jpg 260w\" sizes=\"(max-width: 121px) 100vw, 121px\" \/><\/h4>\n<p>&nbsp;<\/p>\n","protected":false},"excerpt":{"rendered":"<p>W-trap,\u00a0Trampa eficaz contra\u00a0Chaquetas Amarillas y Avispas Chaquetas Amarillas y Avispas constituyen un problema com\u00fan en verano y oto\u00f1o. Chaquetas Amarillas y Avispas constituyen un problema com\u00fan y en \u00e9pocas de calor se vuelven agresivas y nos hacen sufrir con sus picaduras. Para detener la plaga de las Chaquetas Amarillas, Alcochem ha desarrollado su nueva Trampa [&hellip;]<\/p>\n","protected":false},"author":7,"featured_media":0,"parent":0,"menu_order":0,"comment_status":"closed","ping_status":"closed","template":"","meta":{"footnotes":""},"class_list":["post-2987","page","type-page","status-publish","hentry"],"_links":{"self":[{"href":"https:\/\/www.insective.com\/es\/wp-json\/wp\/v2\/pages\/2987","targetHints":{"allow":["GET"]}}],"collection":[{"href":"https:\/\/www.insective.com\/es\/wp-json\/wp\/v2\/pages"}],"about":[{"href":"https:\/\/www.insective.com\/es\/wp-json\/wp\/v2\/types\/page"}],"author":[{"embeddable":true,"href":"https:\/\/www.insective.com\/es\/wp-json\/wp\/v2\/users\/7"}],"replies":[{"embeddable":true,"href":"https:\/\/www.insective.com\/es\/wp-json\/wp\/v2\/comments?post=2987"}],"version-history":[{"count":21,"href":"https:\/\/www.insective.com\/es\/wp-json\/wp\/v2\/pages\/2987\/revisions"}],"predecessor-version":[{"id":5966,"href":"https:\/\/www.insective.com\/es\/wp-json\/wp\/v2\/pages\/2987\/revisions\/5966"}],"wp:attachment":[{"href":"https:\/\/www.insective.com\/es\/wp-json\/wp\/v2\/media?parent=2987"}],"curies":[{"name":"wp","href":"https:\/\/api.w.org\/{rel}","templated":true}]}}