{"id":3096,"date":"2015-12-09T12:28:44","date_gmt":"2015-12-09T11:28:44","guid":{"rendered":"http:\/\/www.insective.com\/es\/?page_id=3096"},"modified":"2018-01-10T09:09:43","modified_gmt":"2018-01-10T08:09:43","slug":"mt-trap","status":"publish","type":"page","link":"https:\/\/www.insective.com\/es\/mt-trap\/","title":{"rendered":"De avispas y\/o t\u00e1banos &#8211; MT-trap"},"content":{"rendered":"<h3>Disfrutar de la naturaleza sin sufrir los estorbos de avispas y\/o t\u00e1banos.<\/h3>\n<div class=\"row clearfix\">\n<div class=\"box two \">\n<a href=\"http:\/\/www.insective.com\/wp-content\/uploads\/2015\/12\/MTtrap_2016_website.jpg\"><img fetchpriority=\"high\" decoding=\"async\" class=\"alignleft size-full wp-image-3287\" src=\"http:\/\/www.insective.com\/wp-content\/uploads\/2015\/12\/MTtrap_2016_website.jpg\" alt=\"MTtrap_2016_website\" width=\"533\" height=\"375\" srcset=\"https:\/\/www.insective.com\/wp-content\/uploads\/2015\/12\/MTtrap_2016_website.jpg 533w, https:\/\/www.insective.com\/wp-content\/uploads\/2015\/12\/MTtrap_2016_website-300x211.jpg 300w\" sizes=\"(max-width: 533px) 100vw, 533px\" \/><\/a><\/div>\n<div class=\"box two \">\n<p>La trampa ha sido dise\u00f1ada para capturar esos agresivos e irritantes insectos.<\/p>\n<p>ALCOCHEM HYGIENE &#8211; creador del sistema para control\/captura de t\u00e1banos llamado<br \/>\nH-TRAP (<a href=\"http:\/\/www.h-trap.net\/es\/\">www.h-trap.net<\/a>)\u00a0&#8211;\u00a0 ha desarrollado una nueva trampa poderosa y eficaz para exteriores llamado el MT-TRAP.<\/p>\n<p>La trampa ha sido dise\u00f1ada para capturar esos insectos agresivos causantes de mucha irritaci\u00f3n: T\u00e1banos y Avispas.<\/p>\n<p><a href=\"http:\/\/www.insective.com\/wp-content\/uploads\/2015\/06\/wespen_10020707_klein.jpg\"><img decoding=\"async\" class=\"wp-image-3085 alignright\" src=\"http:\/\/www.insective.com\/wp-content\/uploads\/2015\/11\/MT-trap_web-150x150.jpg\" alt=\"MT-trap_web\" width=\"145\" height=\"145\" srcset=\"https:\/\/www.insective.com\/wp-content\/uploads\/2015\/11\/MT-trap_web-150x150.jpg 150w, https:\/\/www.insective.com\/wp-content\/uploads\/2015\/11\/MT-trap_web-180x180.jpg 180w, https:\/\/www.insective.com\/wp-content\/uploads\/2015\/11\/MT-trap_web-300x300.jpg 300w\" sizes=\"(max-width: 145px) 100vw, 145px\" \/><\/a><a href=\"http:\/\/www.insective.com\/es\/video\/\" target=\"_blank\" rel=\"noopener\"><img decoding=\"async\" class=\"alignright wp-image-4361\" src=\"http:\/\/www.insective.com\/wp-content\/uploads\/2015\/05\/Buttons_Insective_video.png\" alt=\"Buttons_Insective_video\" width=\"60\" height=\"60\" srcset=\"https:\/\/www.insective.com\/wp-content\/uploads\/2015\/05\/Buttons_Insective_video.png 293w, https:\/\/www.insective.com\/wp-content\/uploads\/2015\/05\/Buttons_Insective_video-150x150.png 150w, https:\/\/www.insective.com\/wp-content\/uploads\/2015\/05\/elementor\/thumbs\/Buttons_Insective_video-muof5dn0fq1eo4b17unfwcjs58dq2rdwtl4vzdjx28.png 80w\" sizes=\"(max-width: 60px) 100vw, 60px\" \/><\/a><a href=\"http:\/\/www.insective.com\/wp-content\/uploads\/2015\/12\/Insective_MT-trap_ES.pdf\" target=\"_blank\" rel=\"noopener\"><img loading=\"lazy\" decoding=\"async\" class=\"alignright wp-image-4365\" src=\"http:\/\/www.insective.com\/wp-content\/uploads\/2015\/05\/Button_Insective_pdf.png\" alt=\"Button_Insective_pdf\" width=\"60\" height=\"60\" srcset=\"https:\/\/www.insective.com\/wp-content\/uploads\/2015\/05\/Button_Insective_pdf.png 293w, https:\/\/www.insective.com\/wp-content\/uploads\/2015\/05\/Button_Insective_pdf-150x150.png 150w, https:\/\/www.insective.com\/wp-content\/uploads\/2015\/05\/elementor\/thumbs\/Button_Insective_pdf-muof5hed726jyk5klw9y6blmirv6xjsu63qtwhecdc.png 80w\" sizes=\"(max-width: 60px) 100vw, 60px\" \/><\/a><\/p>\n<\/div>\n<\/div>\n<p>&nbsp;<\/p>\n\n\t\t<blockquote class=\"pullquote alignright\" data-rt-animate=\"animate\" data-rt-animation-type=\"fadeInDown\" data-rt-animation-group=\"single\">\n<p>El principio utilizado para atracci\u00f3n y captura del <strong><em>T\u00e1bano<\/em><\/strong> resulta de un m\u00e9todo utilizado a nivel global, testado y comprobado -&gt; A trav\u00e9s de los rayos solares calentamos el espacio debajo la capa c\u00f3nica y el calor es absorbido por la bola negra a la que cubre. La propia bola comienza a irradiar calor lo que equivale a una emisi\u00f3n de luz infrarrojo.<\/p>\n<\/blockquote>\n\t\n<h4>C\u00f3mo funciona la Trampa;<\/h4>\n<p>El principio utilizado para atracci\u00f3n y captura del <strong><em>T\u00e1bano<\/em><\/strong> resulta de un m\u00e9todo utilizado<br \/>\na nivel global, testado y comprobado -&gt; A trav\u00e9s de los rayos solares calentamos el espacio<br \/>\ndebajo la capa c\u00f3nica y el calor es absorbido por la bola negra a la que cubre. La propia bola<br \/>\ncomienza a irradiar calor lo que equivale a una emisi\u00f3n de luz infrarrojo.<\/p>\n<p>Los t\u00e1banos &#8211; atra\u00eddos por radiaci\u00f3n infrarroja y por los que la bola es \u2018percibida\u2019 como una<br \/>\npresa, un cuerpo vivo emisor de calor y una fuente natural de nutrici\u00f3n\/sangre &#8211; saltar\u00e1n sobre<br \/>\nla bola negra a la que intentar\u00e1n \u2018picar\u2019 pero sin resultados. A continuaci\u00f3n el t\u00e1bano se<br \/>\ndespegar\u00e1 de su posici\u00f3n sobre la bola. El t\u00e1bano por naturaleza despega saltando siempre en<br \/>\ndirecci\u00f3n vertical por lo que dando saltos subir\u00e1 debajo de la capa c\u00f3nica que lo atrapa<br \/>\nterminando en el recolector en la parte superior de la trampa desde donde no podr\u00e1 salir.<\/p>\n<p><strong>Avispas<\/strong> nos muestran el mismo modo de vuelo que los t\u00e1banos; tambi\u00e9n despegando por naturaleza<br \/>\nen direcci\u00f3n vertical. A contrario de los t\u00e1banos las avispas no son atra\u00eddas por radiaci\u00f3n<br \/>\ninfrarroja sino por olores dulces como concentrados azucarados. El l\u00edquido atrayente &#8211; opcional(*)<br \/>\n&#8211; vaciado en el recipiente colector de la trampa asegurar\u00e1 una atracci\u00f3n irresistible a las<br \/>\navispas. Las avispas se adentran a la trampa desde la parte inferior y son capturados en el<br \/>\nrecipiente colector que se encuentra en la parte superior desde donde no hay salida posible.<\/p>\n\n\t\t<style type=\"text\/css\">\n\t\t\t#gallery-1 {\n\t\t\t\tmargin: auto;\n\t\t\t}\n\t\t\t#gallery-1 .gallery-item {\n\t\t\t\tfloat: left;\n\t\t\t\tmargin-top: 10px;\n\t\t\t\ttext-align: center;\n\t\t\t\twidth: 16%;\n\t\t\t}\n\t\t\t#gallery-1 img {\n\t\t\t\tborder: 2px solid #cfcfcf;\n\t\t\t}\n\t\t\t#gallery-1 .gallery-caption {\n\t\t\t\tmargin-left: 0;\n\t\t\t}\n\t\t\t\/* see gallery_shortcode() in wp-includes\/media.php *\/\n\t\t<\/style>\n\t\t<div id='gallery-1' class='gallery galleryid-3096 gallery-columns-6 gallery-size-thumbnail'><dl class='gallery-item'>\n\t\t\t<dt class='gallery-icon landscape'>\n\t\t\t\t<a href='https:\/\/www.insective.com\/es\/mt-trap-3-2\/'><img loading=\"lazy\" decoding=\"async\" width=\"150\" height=\"150\" src=\"https:\/\/www.insective.com\/wp-content\/uploads\/2015\/12\/MT-trap-3-150x150.jpg\" class=\"attachment-thumbnail size-thumbnail\" alt=\"\" srcset=\"https:\/\/www.insective.com\/wp-content\/uploads\/2015\/12\/MT-trap-3-150x150.jpg 150w, https:\/\/www.insective.com\/wp-content\/uploads\/2015\/12\/MT-trap-3-180x180.jpg 180w\" sizes=\"(max-width: 150px) 100vw, 150px\" \/><\/a>\n\t\t\t<\/dt><\/dl><dl class='gallery-item'>\n\t\t\t<dt class='gallery-icon landscape'>\n\t\t\t\t<a href='https:\/\/www.insective.com\/es\/mt-trap-2-2\/'><img loading=\"lazy\" decoding=\"async\" width=\"150\" height=\"150\" src=\"https:\/\/www.insective.com\/wp-content\/uploads\/2015\/12\/MT-trap-2-150x150.jpg\" class=\"attachment-thumbnail size-thumbnail\" alt=\"\" srcset=\"https:\/\/www.insective.com\/wp-content\/uploads\/2015\/12\/MT-trap-2-150x150.jpg 150w, https:\/\/www.insective.com\/wp-content\/uploads\/2015\/12\/MT-trap-2-180x180.jpg 180w, https:\/\/www.insective.com\/wp-content\/uploads\/2015\/12\/MT-trap-2-300x300.jpg 300w\" sizes=\"(max-width: 150px) 100vw, 150px\" \/><\/a>\n\t\t\t<\/dt><\/dl><dl class='gallery-item'>\n\t\t\t<dt class='gallery-icon portrait'>\n\t\t\t\t<a href='https:\/\/www.insective.com\/es\/mt-trap_wall_5314-2\/'><img loading=\"lazy\" decoding=\"async\" width=\"150\" height=\"150\" src=\"https:\/\/www.insective.com\/wp-content\/uploads\/2015\/12\/MT-trap_wall_5314-150x150.jpg\" class=\"attachment-thumbnail size-thumbnail\" alt=\"\" srcset=\"https:\/\/www.insective.com\/wp-content\/uploads\/2015\/12\/MT-trap_wall_5314-150x150.jpg 150w, https:\/\/www.insective.com\/wp-content\/uploads\/2015\/12\/MT-trap_wall_5314-180x180.jpg 180w\" sizes=\"(max-width: 150px) 100vw, 150px\" \/><\/a>\n\t\t\t<\/dt><\/dl><dl class='gallery-item'>\n\t\t\t<dt class='gallery-icon portrait'>\n\t\t\t\t<a href='https:\/\/www.insective.com\/es\/mt-trap\/mt-trap_horsefly_5852-2\/'><img loading=\"lazy\" decoding=\"async\" width=\"150\" height=\"150\" src=\"https:\/\/www.insective.com\/wp-content\/uploads\/2015\/11\/MT-trap_Horsefly_5852-150x150.jpg\" class=\"attachment-thumbnail size-thumbnail\" alt=\"\" srcset=\"https:\/\/www.insective.com\/wp-content\/uploads\/2015\/11\/MT-trap_Horsefly_5852-150x150.jpg 150w, https:\/\/www.insective.com\/wp-content\/uploads\/2015\/11\/MT-trap_Horsefly_5852-180x180.jpg 180w, https:\/\/www.insective.com\/wp-content\/uploads\/2015\/11\/MT-trap_Horsefly_5852-300x300.jpg 300w, https:\/\/www.insective.com\/wp-content\/uploads\/2015\/11\/MT-trap_Horsefly_5852-600x600.jpg 600w\" sizes=\"(max-width: 150px) 100vw, 150px\" \/><\/a>\n\t\t\t<\/dt><\/dl><dl class='gallery-item'>\n\t\t\t<dt class='gallery-icon landscape'>\n\t\t\t\t<a href='https:\/\/www.insective.com\/es\/avispas-w-trap\/wespen_10020707_klein-2\/'><img loading=\"lazy\" decoding=\"async\" width=\"150\" height=\"150\" src=\"https:\/\/www.insective.com\/wp-content\/uploads\/2015\/06\/wespen_10020707_klein-150x150.jpg\" class=\"attachment-thumbnail size-thumbnail\" alt=\"\" \/><\/a>\n\t\t\t<\/dt><\/dl>\n\t\t\t<br style='clear: both' \/>\n\t\t<\/div>\n\n<p><em>(*)El l\u00edquido atrayente no es incluido en el producto<\/em><\/p>\n<p>F\u00e1cil y eficaz control de esos insectos molestos de los que uno prefiere no rodearse.<br \/>\nEl MT-TRAP ha sido dise\u00f1ada para ser colgado. <em>Un soporte de pie puede adquirirse de forma opcional.<\/em><\/p>\n<h4>Instrucciones al uso del MT-TRAP:<b><br \/>\n<\/b><\/h4>\n<ul>\n<li>La trampa es para uso en exteriores donde la bola negra se calienta con los rayos del sol.<\/li>\n<li>Posicionar la trampa a una distancia prudente de donde se sit\u00faan las personas.<\/li>\n<li>Posicionar la trampa lo m\u00e1ximo posible a la luz solar ya que a la sombra resulta menos eficaz.<\/li>\n<li>Posicionar la trampa a una altura de entre 1 m y 1,80 m del suelo.<\/li>\n<li>Para control y captura de avispas vaciar el l\u00edquido atrayente en el recipiente colector. El l\u00edquido continuar\u00e1 efectivo durante un periodo de 2 a 4 semanas.<\/li>\n<\/ul>\n","protected":false},"excerpt":{"rendered":"<p>Disfrutar de la naturaleza sin sufrir los estorbos de avispas y\/o t\u00e1banos. &nbsp; C\u00f3mo funciona la Trampa; El principio utilizado para atracci\u00f3n y captura del T\u00e1bano resulta de un m\u00e9todo utilizado a nivel global, testado y comprobado -&gt; A trav\u00e9s de los rayos solares calentamos el espacio debajo la capa c\u00f3nica y el calor es [&hellip;]<\/p>\n","protected":false},"author":7,"featured_media":0,"parent":0,"menu_order":0,"comment_status":"closed","ping_status":"closed","template":"","meta":{"footnotes":""},"class_list":["post-3096","page","type-page","status-publish","hentry"],"_links":{"self":[{"href":"https:\/\/www.insective.com\/es\/wp-json\/wp\/v2\/pages\/3096","targetHints":{"allow":["GET"]}}],"collection":[{"href":"https:\/\/www.insective.com\/es\/wp-json\/wp\/v2\/pages"}],"about":[{"href":"https:\/\/www.insective.com\/es\/wp-json\/wp\/v2\/types\/page"}],"author":[{"embeddable":true,"href":"https:\/\/www.insective.com\/es\/wp-json\/wp\/v2\/users\/7"}],"replies":[{"embeddable":true,"href":"https:\/\/www.insective.com\/es\/wp-json\/wp\/v2\/comments?post=3096"}],"version-history":[{"count":16,"href":"https:\/\/www.insective.com\/es\/wp-json\/wp\/v2\/pages\/3096\/revisions"}],"predecessor-version":[{"id":5267,"href":"https:\/\/www.insective.com\/es\/wp-json\/wp\/v2\/pages\/3096\/revisions\/5267"}],"wp:attachment":[{"href":"https:\/\/www.insective.com\/es\/wp-json\/wp\/v2\/media?parent=3096"}],"curies":[{"name":"wp","href":"https:\/\/api.w.org\/{rel}","templated":true}]}}