{"id":3748,"date":"2016-03-29T09:47:02","date_gmt":"2016-03-29T08:47:02","guid":{"rendered":"http:\/\/www.insective.com\/es\/?page_id=3748"},"modified":"2018-01-10T09:12:30","modified_gmt":"2018-01-10T08:12:30","slug":"flyzone-xl-trampa-para-moscas","status":"publish","type":"page","link":"https:\/\/www.insective.com\/es\/flyzone-xl-trampa-para-moscas\/","title":{"rendered":"Flyzone XL &#8211; Trampa para moscas"},"content":{"rendered":"<h3>\u00a0La trampa sumamente \u00e9fic\u00e1z\u00a0contra moscas \u2013 solo para exteriores.<\/h3>\n<p><a href=\"http:\/\/www.insective.com\/wp-content\/uploads\/2016\/01\/Flyzone_HU.jpg\"><img fetchpriority=\"high\" decoding=\"async\" class=\"size-full wp-image-4017 alignleft\" src=\"http:\/\/www.insective.com\/wp-content\/uploads\/2016\/01\/Flyzone_HU.jpg\" alt=\"Flyzone_HU\" width=\"400\" height=\"403\" srcset=\"https:\/\/www.insective.com\/wp-content\/uploads\/2016\/01\/Flyzone_HU.jpg 400w, https:\/\/www.insective.com\/wp-content\/uploads\/2016\/01\/Flyzone_HU-150x150.jpg 150w, https:\/\/www.insective.com\/wp-content\/uploads\/2016\/01\/Flyzone_HU-298x300.jpg 298w\" sizes=\"(max-width: 400px) 100vw, 400px\" \/><\/a><\/p>\n<p>El Flyzone captura a las moscas com\u00fanes \u2013 insectos sobradamente conocidos como sucios y portadores de m\u00faltiples males bacteriol\u00f3gicos y contaminantes \u2013 y tambi\u00e9n a los insectos de su misma especie.<\/p>\n<p>En el interior del Flyzone encontramos un cebo natural irresistible para las moscas. Ese atrayente natural se compone de varias sustancias proteicas y otros ingredientes espec\u00edficos considerados como seguros o no-t\u00f3xicos.<\/p>\n<p>El atrayente en polvo (deshidratado) se activa al mezclarse con agua. El proceso de activaci\u00f3n por descomposici\u00f3n natural requiere de al m\u00ednimo tres d\u00edas para optimizarse. Atraidos por el olor las moscas entran a la bolsa a trav\u00e9s de la rejilla c\u00f3nica y se ahogan en el agua.<a style=\"color: #ffffff;\" href=\"http:\/\/www.insect-trap.net\" target=\"_blank\" rel=\"noopener\">www.insect-trap.net<\/a><a href=\"http:\/\/www.insective.com\/wp-content\/uploads\/2016\/01\/Flyzone2.jpg\"><img decoding=\"async\" class=\"wp-image-3344 alignright\" src=\"http:\/\/www.insective.com\/wp-content\/uploads\/2016\/01\/Flyzone2.jpg\" alt=\"\" width=\"188\" height=\"235\" srcset=\"https:\/\/www.insective.com\/wp-content\/uploads\/2016\/01\/Flyzone2.jpg 300w, https:\/\/www.insective.com\/wp-content\/uploads\/2016\/01\/Flyzone2-241x300.jpg 241w\" sizes=\"(max-width: 188px) 100vw, 188px\" \/><\/a><\/p>\n<p><img decoding=\"async\" class=\"wp-image-3348 alignright\" src=\"http:\/\/www.insective.com\/wp-content\/uploads\/2016\/01\/27744614-een-paar-van-huisvliegen-gemeenschappelijke-vliegen-gea-soleerd-op-wit.jpg\" alt=\"\" width=\"94\" height=\"81\" \/><a href=\"http:\/\/www.insective.com\/wp-content\/uploads\/2016\/01\/Flyzone_insective_ES.pdf\" target=\"_blank\" rel=\"noopener\"><img loading=\"lazy\" decoding=\"async\" class=\"alignright wp-image-4366\" src=\"http:\/\/www.insective.com\/wp-content\/uploads\/2015\/05\/Button_Insective_pdf.png\" alt=\"Button_Insective_pdf\" width=\"60\" height=\"60\" srcset=\"https:\/\/www.insective.com\/wp-content\/uploads\/2015\/05\/Button_Insective_pdf.png 293w, https:\/\/www.insective.com\/wp-content\/uploads\/2015\/05\/Button_Insective_pdf-150x150.png 150w, https:\/\/www.insective.com\/wp-content\/uploads\/2015\/05\/elementor\/thumbs\/Button_Insective_pdf-muof5hed726jyk5klw9y6blmirv6xjsu63qtwhecdc.png 80w\" sizes=\"(max-width: 60px) 100vw, 60px\" \/><\/a><\/p>\n<p>&nbsp;<\/p>\n<p>&nbsp;<\/p>\n<p>&nbsp;<\/p>\n<p>&nbsp;<\/p>\n<p>&nbsp;<\/p>\n<p>&nbsp;<\/p>\n\n\t\t<blockquote class=\"pullquote alignright\" data-rt-animate=\"animate\" data-rt-animation-type=\"fadeInDown\" data-rt-animation-group=\"single\">\n<p class=\"p1\">En el interior del Flyzone encontramos un cebo natural irresistible para las moscas.<\/p>\n<\/blockquote>\n\t\n<h3>Donde utilizar?<\/h3>\n<p>El Flyzone es para uso solo en exteriores.\u00a0A trav\u00e9s de sus capturas controla la poblaci\u00f3n de moscas dentro y cerca de sus hogares, zonas de vivencia y zonas communes.<br \/>\nRecomendamos colocarlo a unos\u00a05 y hasta 15 metros de zonas exteriores de vivencia como patios, terrazas, jardines.<\/p>\n<h3 class=\"p1\">Caracter\u00edsticas \u00fanicas y\u00a0beneficios especiales:<\/h3>\n<ul>\n<li class=\"p1\">El atrayente deshidratado (en polvo) se encuentra en la trampa<\/li>\n<li class=\"p1\">Disolviendo el atrayente natural en agua se activa por si solo en pocos dias<\/li>\n<li class=\"p1\">El dise\u00f1o del FlyZone evita tocar el cebo o las moscas con las manos<\/li>\n<li class=\"p1\">Desechable por completo como basura organica (no quimico &#8211; no t\u00f3xico)<\/li>\n<li class=\"p1\">Capacidad de captura hasta 12.500 moscas por bolsa<\/li>\n<li class=\"p1\">Imposible crear inmunidad en el insecto\u00a0por tratarse de un atrayente nutritivo natural<\/li>\n<\/ul>\n<h3>C\u00f3mo funciona?<\/h3>\n<p>Una vez las moscas entran a la trampa, no pueden escaparse y se ahogan en el agua que ha sido a\u00f1adido al polvo.<\/p>\n\n\t\t<style type=\"text\/css\">\n\t\t\t#gallery-1 {\n\t\t\t\tmargin: auto;\n\t\t\t}\n\t\t\t#gallery-1 .gallery-item {\n\t\t\t\tfloat: left;\n\t\t\t\tmargin-top: 10px;\n\t\t\t\ttext-align: center;\n\t\t\t\twidth: 16%;\n\t\t\t}\n\t\t\t#gallery-1 img {\n\t\t\t\tborder: 2px solid #cfcfcf;\n\t\t\t}\n\t\t\t#gallery-1 .gallery-caption {\n\t\t\t\tmargin-left: 0;\n\t\t\t}\n\t\t\t\/* see gallery_shortcode() in wp-includes\/media.php *\/\n\t\t<\/style>\n\t\t<div id='gallery-1' class='gallery galleryid-3748 gallery-columns-6 gallery-size-thumbnail'><dl class='gallery-item'>\n\t\t\t<dt class='gallery-icon portrait'>\n\t\t\t\t<a href='https:\/\/www.insective.com\/es\/flyzone-xl-trampa-para-moscas\/flyzone-4-2-2\/'><img loading=\"lazy\" decoding=\"async\" width=\"150\" height=\"150\" src=\"https:\/\/www.insective.com\/wp-content\/uploads\/2016\/01\/Flyzone-41-150x150.jpg\" class=\"attachment-thumbnail size-thumbnail\" alt=\"\" \/><\/a>\n\t\t\t<\/dt><\/dl><dl class='gallery-item'>\n\t\t\t<dt class='gallery-icon portrait'>\n\t\t\t\t<a href='https:\/\/www.insective.com\/es\/flyzone-xl-trampa-para-moscas\/flyzone-5-2-2\/'><img loading=\"lazy\" decoding=\"async\" width=\"150\" height=\"150\" src=\"https:\/\/www.insective.com\/wp-content\/uploads\/2016\/01\/Flyzone-51-150x150.jpg\" class=\"attachment-thumbnail size-thumbnail\" alt=\"\" \/><\/a>\n\t\t\t<\/dt><\/dl><dl class='gallery-item'>\n\t\t\t<dt class='gallery-icon portrait'>\n\t\t\t\t<a href='https:\/\/www.insective.com\/es\/flyzone-xl-trampa-para-moscas\/flyzone-6-2-2\/'><img loading=\"lazy\" decoding=\"async\" width=\"150\" height=\"150\" src=\"https:\/\/www.insective.com\/wp-content\/uploads\/2016\/01\/Flyzone-61-150x150.jpg\" class=\"attachment-thumbnail size-thumbnail\" alt=\"\" \/><\/a>\n\t\t\t<\/dt><\/dl><dl class='gallery-item'>\n\t\t\t<dt class='gallery-icon landscape'>\n\t\t\t\t<a href='https:\/\/www.insective.com\/es\/flyzone-xl-trampa-para-moscas\/flyzone-7-2-2\/'><img loading=\"lazy\" decoding=\"async\" width=\"150\" height=\"150\" src=\"https:\/\/www.insective.com\/wp-content\/uploads\/2016\/01\/Flyzone-71-150x150.jpg\" class=\"attachment-thumbnail size-thumbnail\" alt=\"\" \/><\/a>\n\t\t\t<\/dt><\/dl>\n\t\t\t<br style='clear: both' \/>\n\t\t<\/div>\n\n<h3>Lugares recomendados para su uso incluyen:<\/h3>\n<ul>\n<li>Establos, pecebreras y zonas de pasto para caballos, siempre con buena ventilaci\u00f3n<\/li>\n<li>Zonas de ganader\u00eda como av\u00edcolas, granjas con cerdos, reses o lecher\u00edas con vacas<\/li>\n<li>Cerca de basureros exteriores<\/li>\n<li>Cerca de \u00e1reas con abono, esti\u00e9rcol u otros fertilizantes naturals<\/li>\n<li>Por zonas colectivos de recreo y de pic-nic<\/li>\n<li>Por areas recreativos con guinchos<\/li>\n<li>Cerca de campamentos, campings o zonas de caba\u00f1as<\/li>\n<\/ul>\n<h3>Cu\u00e1ndo usar el Flyzone?<\/h3>\n<p>El Flyzone se utiliza en climas c\u00e1lidas y h\u00famedas o cuando la presencia\u00a0de un factor externo en el exterior<br \/>\n(como basura, restos org\u00e1nicos) nos\u00a0causa problemas con moscas.\u00a0FlyZone la Trampa efic\u00e1z para captura de moscas el el exterior.<\/p>\n","protected":false},"excerpt":{"rendered":"<p>\u00a0La trampa sumamente \u00e9fic\u00e1z\u00a0contra moscas \u2013 solo para exteriores. El Flyzone captura a las moscas com\u00fanes \u2013 insectos sobradamente conocidos como sucios y portadores de m\u00faltiples males bacteriol\u00f3gicos y contaminantes \u2013 y tambi\u00e9n a los insectos de su misma especie. En el interior del Flyzone encontramos un cebo natural irresistible para las moscas. Ese atrayente [&hellip;]<\/p>\n","protected":false},"author":7,"featured_media":0,"parent":0,"menu_order":0,"comment_status":"closed","ping_status":"closed","template":"","meta":{"footnotes":""},"class_list":["post-3748","page","type-page","status-publish","hentry"],"_links":{"self":[{"href":"https:\/\/www.insective.com\/es\/wp-json\/wp\/v2\/pages\/3748","targetHints":{"allow":["GET"]}}],"collection":[{"href":"https:\/\/www.insective.com\/es\/wp-json\/wp\/v2\/pages"}],"about":[{"href":"https:\/\/www.insective.com\/es\/wp-json\/wp\/v2\/types\/page"}],"author":[{"embeddable":true,"href":"https:\/\/www.insective.com\/es\/wp-json\/wp\/v2\/users\/7"}],"replies":[{"embeddable":true,"href":"https:\/\/www.insective.com\/es\/wp-json\/wp\/v2\/comments?post=3748"}],"version-history":[{"count":16,"href":"https:\/\/www.insective.com\/es\/wp-json\/wp\/v2\/pages\/3748\/revisions"}],"predecessor-version":[{"id":5268,"href":"https:\/\/www.insective.com\/es\/wp-json\/wp\/v2\/pages\/3748\/revisions\/5268"}],"wp:attachment":[{"href":"https:\/\/www.insective.com\/es\/wp-json\/wp\/v2\/media?parent=3748"}],"curies":[{"name":"wp","href":"https:\/\/api.w.org\/{rel}","templated":true}]}}