{"id":3859,"date":"2016-05-30T09:05:41","date_gmt":"2016-05-30T08:05:41","guid":{"rendered":"http:\/\/www.insective.com\/es\/?page_id=3859"},"modified":"2018-01-11T10:38:14","modified_gmt":"2018-01-11T09:38:14","slug":"disclaimer","status":"publish","type":"page","link":"https:\/\/www.insective.com\/es\/disclaimer\/","title":{"rendered":"Exclusi\u00f3n de Responsabilidad"},"content":{"rendered":"<h2>Exclusi\u00f3n de Responsabilidad<\/h2>\n<p>A pesar del continuo cuidado y atenci\u00f3n que\u00a0<strong>Alcochem<\/strong>\u00a0le ha dedicado a la composici\u00f3n de esta p\u00e1gina web, no se puede descartar la posibilidad de que parte de la informaci\u00f3n est\u00e9 incompleta o incorrecta.<\/p>\n\n\t\t<blockquote class=\"pullquote alignleft\" data-rt-animate=\"animate\" data-rt-animation-type=\"fadeInDown\" data-rt-animation-group=\"single\">\nEl contenido puede cambiarse en cualquier momento sin previo aviso.<br \/>\n<\/blockquote>\n\t\n<p><strong>Alcochem<\/strong>\u00a0no se hace responsable de los da\u00f1os derivados del uso de este sitio y\/o su contenido o como consecuencia de la imposibilidad temporal de consultar este sitio.<\/p>\n<p>Los derechos de autor y de retrato de este sitio web y las im\u00e1genes publicadas del mismo pertenecen a\u00a0<strong>Alcochem<\/strong>\u00a0o a los terceros a quienes\u00a0<strong>Alcochem<\/strong>\u00a0obtuvo licencias de uso.<\/p>\n<p>Copiar o reproducir cualquier contenido del sitio requiere permiso previo y por escrito de\u00a0<strong>Alcochem<\/strong>.<\/p>\n<p><a href=\"mailto:rene@alcochem.nl\"><u><strong>\u00bfPreguntas?<\/strong><\/u><\/a><\/p>\n","protected":false},"excerpt":{"rendered":"<p>Exclusi\u00f3n de Responsabilidad A pesar del continuo cuidado y atenci\u00f3n que\u00a0Alcochem\u00a0le ha dedicado a la composici\u00f3n de esta p\u00e1gina web, no se puede descartar la posibilidad de que parte de la informaci\u00f3n est\u00e9 incompleta o incorrecta. Alcochem\u00a0no se hace responsable de los da\u00f1os derivados del uso de este sitio y\/o su contenido o como consecuencia [&hellip;]<\/p>\n","protected":false},"author":7,"featured_media":0,"parent":0,"menu_order":0,"comment_status":"closed","ping_status":"closed","template":"","meta":{"footnotes":""},"class_list":["post-3859","page","type-page","status-publish","hentry"],"_links":{"self":[{"href":"https:\/\/www.insective.com\/es\/wp-json\/wp\/v2\/pages\/3859","targetHints":{"allow":["GET"]}}],"collection":[{"href":"https:\/\/www.insective.com\/es\/wp-json\/wp\/v2\/pages"}],"about":[{"href":"https:\/\/www.insective.com\/es\/wp-json\/wp\/v2\/types\/page"}],"author":[{"embeddable":true,"href":"https:\/\/www.insective.com\/es\/wp-json\/wp\/v2\/users\/7"}],"replies":[{"embeddable":true,"href":"https:\/\/www.insective.com\/es\/wp-json\/wp\/v2\/comments?post=3859"}],"version-history":[{"count":4,"href":"https:\/\/www.insective.com\/es\/wp-json\/wp\/v2\/pages\/3859\/revisions"}],"predecessor-version":[{"id":5271,"href":"https:\/\/www.insective.com\/es\/wp-json\/wp\/v2\/pages\/3859\/revisions\/5271"}],"wp:attachment":[{"href":"https:\/\/www.insective.com\/es\/wp-json\/wp\/v2\/media?parent=3859"}],"curies":[{"name":"wp","href":"https:\/\/api.w.org\/{rel}","templated":true}]}}