{"id":3873,"date":"2016-05-30T09:32:51","date_gmt":"2016-05-30T08:32:51","guid":{"rendered":"http:\/\/www.insective.com\/es\/?page_id=3873"},"modified":"2018-06-13T12:51:15","modified_gmt":"2018-06-13T11:51:15","slug":"politica-de-privacidad","status":"publish","type":"page","link":"https:\/\/www.insective.com\/es\/politica-de-privacidad\/","title":{"rendered":"Pol\u00edtica de privacidad"},"content":{"rendered":"<h2>Pol\u00edtica Privada<\/h2>\n<p>Declaraci\u00f3n de Privacidad<\/p>\n<p>Alcochem BV, ubicado en Zeilmaker 4, 3861 SM Nijkerk, es responsable del procesamiento de datos personales como se muestra en esta declaraci\u00f3n de privacidad.<\/p>\n<p>Contacto:<br \/>\nwww.alcochem.com<br \/>\nZeilmaker 4<br \/>\n3861 SM Nijkerk<br \/>\n+31 (0)33-455 72 59<br \/>\nC\u00e1mara de Comercio 31043702<\/p>\n<h3>Datos personales que procesamos<\/h3>\n<p>Alcochem BV procesa sus datos personales porque utiliza nuestros serviciosy \/ o porque los proporciona usted mismo.<\/p>\n<p>A continuaci\u00f3n encontrar\u00e1 una descripci\u00f3n general de los datos personales que procesamos:<\/p>\n<ul>\n<li>Datos del nombre<\/li>\n<li>Detalles de direcci\u00f3n y contacto habituales<\/li>\n<li>Correo electr\u00f3nico<\/li>\n<li>Fecha y posiblemente lugar de nacimiento<\/li>\n<li>N\u00famero de tel\u00e9fono<\/li>\n<li>Otros datos personales que usted proporciona activamente por tel\u00e9fono y \/ o por escrito<\/li>\n<li>N\u00famero de cuenta bancaria<\/li>\n<\/ul>\n<h3>Datos personales especiales y \/ o sensibles que procesamos<\/h3>\n<p>Nuestro sitio web y \/ o servicio no tiene la intenci\u00f3n de recopilar datos sobre los visitantes del sitio web que son menores de 16 a\u00f1os.A menos que tengan permiso de los padres o tutores. Sin embargo, no podemos verificar si un visitante es mayor de 16 a\u00f1os. Animamos a los padres a participar en las actividades on-line de sus hijos, a fin de evitar que se recopile informaci\u00f3n sobre ni\u00f1os sin el consentimiento de los padres.Si usted est\u00e1 convencido de que hemos recopilado informaci\u00f3n personal de un menor sin este consentimiento, por favor cont\u00e1ctenos v\u00eda privacy.statement@alcochem.com y eliminaremos esta informaci\u00f3n. Los siguientes datos personales especiales y \/ o sensibles se procesan en el contexto de obligaciones legales:<\/p>\n<ul>\n<li>N\u00famero de servicio al ciudadano<\/li>\n<\/ul>\n<h3>Prop\u00f3sito del procesamiento<\/h3>\n<p>Alcochem BV procesa sus datos personales por los siguientes motivos:<\/p>\n<ul>\n<li>Tratar con un pago (acreedor, deudor, salario, etc.)<\/li>\n<li>Env\u00edo de nuestro bolet\u00edn y \/ o folleto publicitario<\/li>\n<li>Puede llamar o enviar un correo electr\u00f3nico si es necesario para llevar a cabo nuestros servicios<\/li>\n<li>Alcochem tambi\u00e9n procesa datos personales si estamos legalmente obligados a hacerlo, como la informaci\u00f3n que necesitamos para nuestra declaraci\u00f3n de impuestos.<\/li>\n<\/ul>\n<h3>Toma de decisiones automatizada<\/h3>\n<p>Alcochem BV no toma decisiones basadas en el procesamiento automatizado de asuntos que puedan tener consecuencias (significativas) para las personas.<\/p>\n<p>Sin embargo, se usa Google Analytics.<\/p>\n<p>Google Analytics es un servicio de an\u00e1lisis web ofrecido por Google. Inc. Las cookies (como se describe en el punto 8 de esta declaraci\u00f3n) permiten a los visitantes ver los n\u00fameros de visitantes y visitas de p\u00e1ginas y temas. De esta forma, Alcochem puede adaptar mejor su comunicaci\u00f3n \/ informaci\u00f3n en el sitio web a las necesidades de los visitantes. Alcochem no puede ver qui\u00e9n (qu\u00e9 PC) visita su sitio web. Google puede hacer esto como proveedor del servicio. Puede encontrar m\u00e1s informaci\u00f3n sobre las cookies de Google Analytics en el siguiente enlace: <a href=\"https:\/\/developers.google.com\/analytics\/devguides\/collection\/analyticsjs\/cookie-usage\">\/\/developers.google.com\/analytics\/devguides\/collection\/analyticsjs\/cookie-usage<\/a>. Se puede encontrar informaci\u00f3n adicional sobre los T\u00e9rminos de Servicio de Google Analytics a trav\u00e9s del siguiente enlace:\u00a0<a href=\"https:\/\/www.google.com\/analytics\/terms\/gb.html\">\/\/www.google.com\/analytics\/terms\/gb.html<\/a>.<\/p>\n<h3>Cu\u00e1nto tiempo guardamos datos personales<\/h3>\n<p>En principio, Alcochem BV no almacena datos personales durante m\u00e1s tiempo de lo estrictamente necesario para lograr los fines para los cuales se recopilan los datos. Casi sin excepci\u00f3n, los per\u00edodos de retenci\u00f3n legales, en particular fiscales, son m\u00e1s largos que los periodos de retenci\u00f3n antes mencionados. Por lo tanto, Alcochem BV se ajustar\u00e1 a los per\u00edodos de retenci\u00f3n legal.<\/p>\n<h3>Compartir datos personales con terceros<\/h3>\n<p>Alcochem BV no vende su informaci\u00f3n a terceros y solo a terceros si esto es necesario para la ejecuci\u00f3n de nuestro acuerdo con usted o para cumplir con una obligaci\u00f3n legal. Con las compa\u00f1\u00edas que procesan sus datos en nuestra asignaci\u00f3n (plataforma de recursos humanos, sistema ERP, procesamiento de salarios), concluimos un acuerdo de procesamiento para garantizar el mismo nivel de seguridad y confidencialidad de sus datos. Alcochem BV sigue siendo responsable de estas operaciones de procesamiento.<\/p>\n<h3>Cookies o t\u00e9cnicas similares<\/h3>\n<p>Alcochem BV solo utiliza cookies t\u00e9cnicas y funcionales. Y cookies anal\u00edticas que no infringen su privacidad. Una cookie es un peque\u00f1o archivo de texto que se almacena en su computadora, tableta o tel\u00e9fono inteligente la primera vez que visita este sitio web.<\/p>\n<p>Las cookies que utilizamos son necesarias para el funcionamiento t\u00e9cnico del sitio web y su facilidad de uso. Se aseguran de que el sitio web funcione correctamente y recuerde, por ejemplo, sus preferencias. Tambi\u00e9n podemos optimizar nuestro sitio web con esto. Puede inhabilitar las cookies configurando su navegador de Internet para que ya no almacene cookies. Adem\u00e1s, tambi\u00e9n puede eliminar toda la informaci\u00f3n guardada previamente a trav\u00e9s de la configuraci\u00f3n de su navegador.<\/p>\n<h3>Ver, modificar o eliminar datos<\/h3>\n<p>Usted tiene derecho a ver, corregir o eliminar sus datos personales. Tambi\u00e9n tiene derecho a retirar su consentimiento para el procesamiento de datos u objetar el procesamiento de sus datos personales por parte de Alcochem BV y tiene derecho a la portabilidad de datos. Esto significa que puede enviarnos una solicitud para que enviemos la informaci\u00f3n personal que tenemos en su archivo inform\u00e1tico a usted u otra organizaci\u00f3n mencionada por usted.<\/p>\n<p>Puede enviar una solicitud de inspecci\u00f3n, correcci\u00f3n, eliminaci\u00f3n, transferencia de datos personales o solicitud de cancelaci\u00f3n de su consentimiento u objeci\u00f3n al procesamiento de sus datos personales a\u00a0<a href=\"mailto:privacy.statement@alcochem.com\">privacy.statement@alcochem.com<\/a>.<\/p>\n<p>Para asegurarse de que la solicitud de acceso haya sido realizada por usted, le pedimos que env\u00ede una copia de su identificaci\u00f3n con la solicitud. Haga su foto de pasaporte, ZLM (zona legible por m\u00e1quina, la franja con n\u00fameros en la parte inferior del pasaporte), n\u00famero de pasaporte y \u00abn\u00famero de servicio al ciudadano\u00bb en negro en esta copia.<\/p>\n<p>Cuando se utiliza una aplicaci\u00f3n como \u00abCopyID\u00bb (Gobierno holand\u00e9s), esto es f\u00e1cil de procesar en su tel\u00e9fono inteligente. Tanto para dispositivos iOS como Android se pueden encontrar en la tienda de aplicaciones. Esto es para proteger su privacidad. Respondemos lo m\u00e1s r\u00e1pido posible, pero dentro de las cuatro semanas, a petici\u00f3n suya.<\/p>\n<p>Alcochem BV tambi\u00e9n desea se\u00f1alar que tiene la oportunidad de presentar una queja ante la autoridad nacional de supervisi\u00f3n, la Autoridad holandesa de protecci\u00f3n de datos. Esto se puede hacer a trav\u00e9s del siguiente enlace:\u00a0<a href=\"https:\/\/autoriteitpersoonsgegevens.nl\/nl\/contact-met-de-autoriteit-persoonsgegevens\/tip-ons\">\/\/autoriteitpersoonsgegevens.nl\/nl\/contact-met-de-autoriteit-persoonsgegevens\/tip-ons<\/a><\/p>\n<p>Este sitio es un sitio web holand\u00e9s con una traducci\u00f3n para formar parte de la versi\u00f3n en espa\u00f1ol.<\/p>\n<h3>C\u00f3mo protegemos los datos personales<\/h3>\n<p>Alcochem BV toma en serio la protecci\u00f3n de sus datos y toma las medidas adecuadas para evitar el uso indebido, la p\u00e9rdida, el acceso no autorizado, la divulgaci\u00f3n no deseada y las modificaciones no autorizadas. Si tiene la impresi\u00f3n de que sus datos no est\u00e1n asegurados adecuadamente o existen indicios de abuso, comun\u00edquese con nosotros a trav\u00e9s de nuestro n\u00famero de empresa general +31 (0) 33-455 72 59 o v\u00eda\u00a0<a href=\"mailto:privacy.statement@alcochem.com\">privacy.statement@alcochem.com<\/a>.<\/p>\n<p><em><strong>Versi\u00f3n 1.0 \/ Abril 2018<\/strong><\/em><\/p>\n<p>&nbsp;<\/p>\n","protected":false},"excerpt":{"rendered":"<p>Pol\u00edtica Privada Declaraci\u00f3n de Privacidad Alcochem BV, ubicado en Zeilmaker 4, 3861 SM Nijkerk, es responsable del procesamiento de datos personales como se muestra en esta declaraci\u00f3n de privacidad. Contacto: www.alcochem.com Zeilmaker 4 3861 SM Nijkerk +31 (0)33-455 72 59 C\u00e1mara de Comercio 31043702 Datos personales que procesamos Alcochem BV procesa sus datos personales porque [&hellip;]<\/p>\n","protected":false},"author":7,"featured_media":0,"parent":0,"menu_order":0,"comment_status":"closed","ping_status":"closed","template":"","meta":{"footnotes":""},"class_list":["post-3873","page","type-page","status-publish","hentry"],"_links":{"self":[{"href":"https:\/\/www.insective.com\/es\/wp-json\/wp\/v2\/pages\/3873","targetHints":{"allow":["GET"]}}],"collection":[{"href":"https:\/\/www.insective.com\/es\/wp-json\/wp\/v2\/pages"}],"about":[{"href":"https:\/\/www.insective.com\/es\/wp-json\/wp\/v2\/types\/page"}],"author":[{"embeddable":true,"href":"https:\/\/www.insective.com\/es\/wp-json\/wp\/v2\/users\/7"}],"replies":[{"embeddable":true,"href":"https:\/\/www.insective.com\/es\/wp-json\/wp\/v2\/comments?post=3873"}],"version-history":[{"count":6,"href":"https:\/\/www.insective.com\/es\/wp-json\/wp\/v2\/pages\/3873\/revisions"}],"predecessor-version":[{"id":5941,"href":"https:\/\/www.insective.com\/es\/wp-json\/wp\/v2\/pages\/3873\/revisions\/5941"}],"wp:attachment":[{"href":"https:\/\/www.insective.com\/es\/wp-json\/wp\/v2\/media?parent=3873"}],"curies":[{"name":"wp","href":"https:\/\/api.w.org\/{rel}","templated":true}]}}