{"id":6216,"date":"2020-06-10T14:46:26","date_gmt":"2020-06-10T13:46:26","guid":{"rendered":"https:\/\/www.insective.com\/?page_id=6216"},"modified":"2020-06-15T07:14:51","modified_gmt":"2020-06-15T06:14:51","slug":"liquido-atrayente-natural","status":"publish","type":"page","link":"https:\/\/www.insective.com\/es\/liquido-atrayente-natural\/","title":{"rendered":"L\u00edquido atrayente natural"},"content":{"rendered":"<h2><span lang=\"EN-GB\"><b><span lang=\"ES-CL\">C\u00f3mo elaborar su propio l\u00edquido atrayente natural para control de avispas <\/span><\/b>?<\/span><\/h2>\n<div class=\"row clearfix\">\n<div class=\"box two \">\n<a href=\"https:\/\/www.insective.com\/wp-content\/uploads\/2020\/06\/w-trap-overview_zonder-granulate-scaled.jpg\"><img fetchpriority=\"high\" decoding=\"async\" class=\"alignleft wp-image-6145 \" src=\"https:\/\/www.insective.com\/wp-content\/uploads\/2020\/06\/w-trap-overview_zonder-granulate-300x220.jpg\" alt=\"\" width=\"430\" height=\"315\" srcset=\"https:\/\/www.insective.com\/wp-content\/uploads\/2020\/06\/w-trap-overview_zonder-granulate-300x220.jpg 300w, https:\/\/www.insective.com\/wp-content\/uploads\/2020\/06\/w-trap-overview_zonder-granulate-1024x752.jpg 1024w, https:\/\/www.insective.com\/wp-content\/uploads\/2020\/06\/w-trap-overview_zonder-granulate-768x564.jpg 768w, https:\/\/www.insective.com\/wp-content\/uploads\/2020\/06\/w-trap-overview_zonder-granulate-1536x1128.jpg 1536w, https:\/\/www.insective.com\/wp-content\/uploads\/2020\/06\/w-trap-overview_zonder-granulate-2048x1504.jpg 2048w\" sizes=\"(max-width: 430px) 100vw, 430px\" \/><\/a><br \/>\n<\/div>\n<div class=\"box two \">\n<p><strong>Especialmente durante el verano y a principios del oto\u00f1o, avispas (chaquetas amarrillas) se encuentran en busca de alimentos y bebestibles azucaradas. \u00a0<\/strong><\/p>\n<p>Durante este periodo las avispas son sumamente agresivas &#8211; para ello podemos emplear la trampa para control de avispas durante todo el tiempo en el que avispas son activos y molestos.<\/p>\n<\/div>\n<\/div>\n<h4><\/h4>\n<div class=\"row clearfix\">\n<div class=\"box two \">\n<p><strong>Avispas <\/strong><\/p>\n<p>En el verano las avispas pueden resultar sumamente molestas en el exterior con su comportamiento agresivo. Con las trampas INSECTIVE en combinaci\u00f3n con su liquido atrayente podemos controlar de modo no-qu\u00edmico ese problema.<\/p>\n<p><strong>C\u00f3mo controlar las avispas agresivas? <\/strong><\/p>\n<p>La trampa para avispas debe posicionarse a una distancia prudente del p\u00fablico ya que atrae y captura a las avispas.<\/p>\n<p><strong><b><span lang=\"ES-CL\">La trampa emplea un atrayente natural para el control de avispas<\/span><\/b>:<\/strong><\/p>\n<ul>\n<li>El atrayente natural y casero proporciona una atracci\u00f3n irresistible a las avispas.<\/li>\n<li>Una vez la avispa se adentra a la trampa, desde donde es imposible de escapar, se ahoga r\u00e1pidamente en el l\u00edquido.<\/li>\n<\/ul>\n<p><strong>Sencillo de emplear <\/strong><\/p>\n<p>Utilizar la trampa es sencillo \u2026 simplemente a\u00f1adir el l\u00edquido en la trampa desde donde comienza su atracci\u00f3n a las avispas y listo.<br \/>\nPara mantener la trampa en condiciones, vaciar y volver a rellenar con l\u00edquido nuevo cada tiempo \u2026 como promedio cada 3 semanas.<\/p>\n<\/div>\n<div class=\"box two \">\n<p><strong>Elaboraci\u00f3n del l\u00edquido atrayente <\/strong><span lang=\"EN-GB\">:<\/span><\/p>\n<ul>\n<li>Desenroscar la tapa de la trampa pl\u00e1stica.<\/li>\n<li>Rellenar la trampa con un l\u00edquido como cerveza de ra\u00edces, sumo de frutas, cola o refresco.<\/li>\n<li>A\u00f1ade al l\u00edquido un chorrito de vinagre \u2026 a la vez que desorienta a las avispas una vez adentrados en la trampa para ahogarse r\u00e1pido el vinagre repela a las abejas (a las que evitamos atraer).<\/li>\n<li>\u00a1Volver a roscar la tapa sobre la trampa y listo!<\/li>\n<li>Vaciar y volver a rellenar el l\u00edquido regularmente. Previo a vaciarlo asegurarse de que no hay avispas vivas en el interior.<\/li>\n<\/ul>\n<p><a href=\"https:\/\/www.insective.com\/wp-content\/uploads\/2020\/06\/Wasp_with_food-300x231.jpg\"><img decoding=\"async\" class=\"alignleft wp-image-6177\" src=\"https:\/\/www.insective.com\/wp-content\/uploads\/2020\/06\/Wasp_with_food-300x231.jpg\" alt=\"\" width=\"348\" height=\"268\" srcset=\"https:\/\/www.insective.com\/wp-content\/uploads\/2020\/06\/Wasp_with_food-300x231.jpg 300w, https:\/\/www.insective.com\/wp-content\/uploads\/2020\/06\/Wasp_with_food-768x591.jpg 768w, https:\/\/www.insective.com\/wp-content\/uploads\/2020\/06\/Wasp_with_food.jpg 1000w\" sizes=\"(max-width: 348px) 100vw, 348px\" \/><\/a><\/p>\n<\/div>\n<\/div>\n<p>&nbsp;<\/p>\n<p><strong>Utilizable para el W-trap y el MT-trap\u00a0<em>(si lo desea emplear para control de avispas)<\/em><\/strong>:<\/p>\n<div class=\"row clearfix\">\n<div class=\"box two \">\n<h4><a href=\"\/mt-trap\/\"><span style=\"color: #339966;\">MT-trap<\/span> <\/a><i>(<b><span lang=\"ES-CL\">trampa para avispas\/t\u00e1banos<\/span><\/b>)\u00a0<\/i><\/h4>\n<p><span lang=\"ES-CL\">La trampa ha sido dise\u00f1ada para control y captura de esos insectos agresivos &#8211; com\u00fanmente causando bastante irritaci\u00f3n<\/span>:<br \/>\n\u2022 <span lang=\"ES-CL\">T\u00e1banos<i>\u00a0(Mayo a Agosto)<\/i><br \/>\n\u2022 Avispas (chaquetas amarrillas) <i>\u00a0(Agosto y Septiembre<\/i><\/span><i>)<\/i><\/p>\n<\/div>\n<div class=\"box two \">\n<h4><span style=\"color: #339966;\"><a style=\"color: #339966;\" href=\"\/wasp-trap\/\">W-trap<\/a><\/span> <i>(<b><span lang=\"ES-CL\">trampa para avispas<\/span><\/b>)<\/i><\/h4>\n<p>Avispas son un problema com\u00fan durante en verano y el oto\u00f1o. Hac\u00eda el t\u00e9rmino del verano y a principios del oto\u00f1o se vuelven incesantemente agresivos.<\/p>\n<\/div>\n<\/div>\n","protected":false},"excerpt":{"rendered":"<p>C\u00f3mo elaborar su propio l\u00edquido atrayente natural para control de avispas ? &nbsp; Utilizable para el W-trap y el MT-trap\u00a0(si lo desea emplear para control de avispas):<\/p>\n","protected":false},"author":7,"featured_media":0,"parent":0,"menu_order":0,"comment_status":"closed","ping_status":"closed","template":"","meta":{"footnotes":""},"class_list":["post-6216","page","type-page","status-publish","hentry"],"_links":{"self":[{"href":"https:\/\/www.insective.com\/es\/wp-json\/wp\/v2\/pages\/6216","targetHints":{"allow":["GET"]}}],"collection":[{"href":"https:\/\/www.insective.com\/es\/wp-json\/wp\/v2\/pages"}],"about":[{"href":"https:\/\/www.insective.com\/es\/wp-json\/wp\/v2\/types\/page"}],"author":[{"embeddable":true,"href":"https:\/\/www.insective.com\/es\/wp-json\/wp\/v2\/users\/7"}],"replies":[{"embeddable":true,"href":"https:\/\/www.insective.com\/es\/wp-json\/wp\/v2\/comments?post=6216"}],"version-history":[{"count":5,"href":"https:\/\/www.insective.com\/es\/wp-json\/wp\/v2\/pages\/6216\/revisions"}],"predecessor-version":[{"id":6225,"href":"https:\/\/www.insective.com\/es\/wp-json\/wp\/v2\/pages\/6216\/revisions\/6225"}],"wp:attachment":[{"href":"https:\/\/www.insective.com\/es\/wp-json\/wp\/v2\/media?parent=6216"}],"curies":[{"name":"wp","href":"https:\/\/api.w.org\/{rel}","templated":true}]}}