{"id":6953,"date":"2024-12-04T14:06:26","date_gmt":"2024-12-04T13:06:26","guid":{"rendered":"https:\/\/www.insective.com\/trampa-para-moscas-armadilha-15-led\/"},"modified":"2024-12-04T15:32:19","modified_gmt":"2024-12-04T14:32:19","slug":"trampa-para-moscas-armadilha-15-led","status":"publish","type":"page","link":"https:\/\/www.insective.com\/es\/trampa-para-moscas-armadilha-15-led\/","title":{"rendered":"trampa para moscas &#8211; Armadilha 15 LED"},"content":{"rendered":"\t\t<div data-elementor-type=\"wp-page\" data-elementor-id=\"6953\" class=\"elementor elementor-6953 elementor-6766\">\n\t\t\t\t\t\t<section class=\"elementor-section elementor-top-section elementor-element elementor-element-dcc5d89 elementor-section-boxed elementor-section-height-default elementor-section-height-default default-style\" data-id=\"dcc5d89\" data-element_type=\"section\" data-e-type=\"section\" data-settings=\"{&quot;rt_color_sets&quot;:&quot;default-style&quot;}\">\n\t\t\t\t\t\t<div class=\"elementor-container elementor-column-gap-default\">\n\t\t\t\t\t<div class=\"elementor-column elementor-col-100 elementor-top-column elementor-element elementor-element-2ed4ae6\" data-id=\"2ed4ae6\" data-element_type=\"column\" data-e-type=\"column\">\n\t\t\t<div class=\"elementor-widget-wrap elementor-element-populated\">\n\t\t\t\t\t\t<div class=\"elementor-element elementor-element-2632058 elementor-widget elementor-widget-heading\" data-id=\"2632058\" data-element_type=\"widget\" data-e-type=\"widget\" data-widget_type=\"heading.default\">\n\t\t\t\t<div class=\"elementor-widget-container\">\n\t\t\t\t\t<h2 class=\"elementor-heading-title elementor-size-default\">La discreta trampa de insectos luminosa para \u00e1reas de hasta 15 m\u00b2<\/h2>\t\t\t\t<\/div>\n\t\t\t\t<\/div>\n\t\t\t\t\t<\/div>\n\t\t<\/div>\n\t\t\t\t\t<\/div>\n\t\t<\/section>\n\t\t\t\t<section class=\"elementor-section elementor-top-section elementor-element elementor-element-28e5d9b elementor-section-boxed elementor-section-height-default elementor-section-height-default default-style\" data-id=\"28e5d9b\" data-element_type=\"section\" data-e-type=\"section\" data-settings=\"{&quot;rt_color_sets&quot;:&quot;default-style&quot;}\">\n\t\t\t\t\t\t<div class=\"elementor-container elementor-column-gap-default\">\n\t\t\t\t\t<div class=\"elementor-column elementor-col-100 elementor-top-column elementor-element elementor-element-cb95ca2\" data-id=\"cb95ca2\" data-element_type=\"column\" data-e-type=\"column\">\n\t\t\t<div class=\"elementor-widget-wrap elementor-element-populated\">\n\t\t\t\t\t\t<div class=\"elementor-element elementor-element-fa35a13 elementor-widget elementor-widget-image\" data-id=\"fa35a13\" data-element_type=\"widget\" data-e-type=\"widget\" data-widget_type=\"image.default\">\n\t\t\t\t<div class=\"elementor-widget-container\">\n\t\t\t\t\t\t\t\t\t\t\t\t\t\t\t<img fetchpriority=\"high\" decoding=\"async\" width=\"1466\" height=\"1082\" src=\"https:\/\/www.insective.com\/wp-content\/uploads\/2024\/12\/A15-LED.png\" class=\"attachment-full size-full wp-image-6797\" alt=\"\" srcset=\"https:\/\/www.insective.com\/wp-content\/uploads\/2024\/12\/A15-LED.png 1466w, https:\/\/www.insective.com\/wp-content\/uploads\/2024\/12\/A15-LED-300x221.png 300w, https:\/\/www.insective.com\/wp-content\/uploads\/2024\/12\/A15-LED-1024x756.png 1024w, https:\/\/www.insective.com\/wp-content\/uploads\/2024\/12\/A15-LED-768x567.png 768w\" sizes=\"(max-width: 1466px) 100vw, 1466px\" \/>\t\t\t\t\t\t\t\t\t\t\t\t\t\t\t<\/div>\n\t\t\t\t<\/div>\n\t\t\t\t\t<\/div>\n\t\t<\/div>\n\t\t\t\t\t<\/div>\n\t\t<\/section>\n\t\t\t\t<section class=\"elementor-section elementor-top-section elementor-element elementor-element-e308bc0 elementor-reverse-tablet elementor-reverse-mobile elementor-section-boxed elementor-section-height-default elementor-section-height-default default-style\" data-id=\"e308bc0\" data-element_type=\"section\" data-e-type=\"section\" data-settings=\"{&quot;rt_color_sets&quot;:&quot;default-style&quot;}\">\n\t\t\t\t\t\t<div class=\"elementor-container elementor-column-gap-default\">\n\t\t\t\t\t<div class=\"elementor-column elementor-col-33 elementor-top-column elementor-element elementor-element-5a62c7b\" data-id=\"5a62c7b\" data-element_type=\"column\" data-e-type=\"column\">\n\t\t\t<div class=\"elementor-widget-wrap elementor-element-populated\">\n\t\t\t\t\t\t<div class=\"elementor-element elementor-element-c31ac88 elementor-widget__width-initial elementor-widget elementor-widget-text-editor\" data-id=\"c31ac88\" data-element_type=\"widget\" data-e-type=\"widget\" data-widget_type=\"text-editor.default\">\n\t\t\t\t<div class=\"elementor-widget-container\">\n\t\t\t\t\t\t\t\t\t<h3>\u00a0Armadilha 15 LED<\/h3>\n<p>Con su discreto y atractivo dise\u00f1o el <b>Armadilha 15 <\/b><i>LED <\/i>es recomendado para uso en entornos dom\u00e9sticos y profesionales.<span class=\"Apple-converted-space\">\u00a0<\/span>El <b>Armadilha 15 <\/b><i>LED <\/i>est\u00e1 dise\u00f1ado para ser posicionado ya sea de pie o montado en la pared.<span class=\"Apple-converted-space\">\u00a0<\/span><\/p>\n\t\t\t\t\t\t\t\t<\/div>\n\t\t\t\t<\/div>\n\t\t\t\t\t<\/div>\n\t\t<\/div>\n\t\t\t\t<div class=\"elementor-column elementor-col-33 elementor-top-column elementor-element elementor-element-b0bf63e\" data-id=\"b0bf63e\" data-element_type=\"column\" data-e-type=\"column\">\n\t\t\t<div class=\"elementor-widget-wrap elementor-element-populated\">\n\t\t\t\t\t\t<div class=\"elementor-element elementor-element-6646d32 elementor-widget elementor-widget-image\" data-id=\"6646d32\" data-element_type=\"widget\" data-e-type=\"widget\" data-widget_type=\"image.default\">\n\t\t\t\t<div class=\"elementor-widget-container\">\n\t\t\t\t\t\t\t\t\t\t\t\t\t\t\t\t<a href=\"https:\/\/www.insective.com\/wp-content\/uploads\/2024\/12\/2.05.1025_Armadilha15_LED_1.0_ES-1.pdf\">\n\t\t\t\t\t\t\t<img decoding=\"async\" src=\"https:\/\/www.insective.com\/wp-content\/uploads\/elementor\/thumbs\/Button_Insective_pdf-muof5hed726jyk5klw9y6blmirv6xjsu63qtwhecdc.png\" title=\"Button_Insective_pdf\" alt=\"Button_Insective_pdf\" loading=\"lazy\" \/>\t\t\t\t\t\t\t\t<\/a>\n\t\t\t\t\t\t\t\t\t\t\t\t\t\t\t<\/div>\n\t\t\t\t<\/div>\n\t\t\t\t\t<\/div>\n\t\t<\/div>\n\t\t\t\t<div class=\"elementor-column elementor-col-33 elementor-top-column elementor-element elementor-element-121ff2a\" data-id=\"121ff2a\" data-element_type=\"column\" data-e-type=\"column\">\n\t\t\t<div class=\"elementor-widget-wrap elementor-element-populated\">\n\t\t\t\t\t\t<div class=\"elementor-element elementor-element-f7f89e8 elementor-widget elementor-widget-image\" data-id=\"f7f89e8\" data-element_type=\"widget\" data-e-type=\"widget\" data-widget_type=\"image.default\">\n\t\t\t\t<div class=\"elementor-widget-container\">\n\t\t\t\t\t\t\t\t\t\t\t\t\t\t\t\t<a href=\"http:\/\/www.insective.com\/video\/\">\n\t\t\t\t\t\t\t<img decoding=\"async\" src=\"https:\/\/www.insective.com\/wp-content\/uploads\/elementor\/thumbs\/Buttons_Insective_video-muof5dn0fq1eo4b17unfwcjs58dq2rdwtl4vzdjx28.png\" title=\"Buttons_Insective_video\" alt=\"Buttons_Insective_video\" loading=\"lazy\" \/>\t\t\t\t\t\t\t\t<\/a>\n\t\t\t\t\t\t\t\t\t\t\t\t\t\t\t<\/div>\n\t\t\t\t<\/div>\n\t\t\t\t\t<\/div>\n\t\t<\/div>\n\t\t\t\t\t<\/div>\n\t\t<\/section>\n\t\t\t\t<section class=\"elementor-section elementor-top-section elementor-element elementor-element-5a1eb26c elementor-section-boxed elementor-section-height-default elementor-section-height-default default-style\" data-id=\"5a1eb26c\" data-element_type=\"section\" data-e-type=\"section\" data-settings=\"{&quot;rt_color_sets&quot;:&quot;default-style&quot;}\">\n\t\t\t\t\t\t<div class=\"elementor-container elementor-column-gap-default\">\n\t\t\t\t\t<div class=\"elementor-column elementor-col-100 elementor-top-column elementor-element elementor-element-71dad484\" data-id=\"71dad484\" data-element_type=\"column\" data-e-type=\"column\">\n\t\t\t<div class=\"elementor-widget-wrap elementor-element-populated\">\n\t\t\t\t\t\t<div class=\"elementor-element elementor-element-30a89e62 elementor-widget elementor-widget-text-editor\" data-id=\"30a89e62\" data-element_type=\"widget\" data-e-type=\"widget\" data-widget_type=\"text-editor.default\">\n\t\t\t\t<div class=\"elementor-widget-container\">\n\t\t\t\t\t\t\t\t\t<p>En el interior de la unidad hay una l\u00e1mina adhesiva, donde los insectos son atrapados. Esta l\u00e1mina adhesiva est\u00e1 posicionada fuera de la vista proporcionando un discreto control de las plagas de insectos voladores.<span class=\"Apple-converted-space\">\u00a0<\/span><b>Armadilha 15 <\/b><i>LED <\/i>es f\u00e1cil de instalar y mantener, y de uso seguro. <i>La unidad est\u00e1 dise\u00f1ado para su uso solo en interiores.<\/i><\/p>\n<p><b>10 razones para comenzar a usar el Armadilha 15 <\/b><i>LED<\/i>:<span class=\"Apple-converted-space\">\u00a0<\/span><\/p>\n<ol>\n<li>En su posici\u00f3n independiente o montada en la pared, la unidad ofrece total discreci\u00f3n.<span class=\"Apple-converted-space\">\u00a0<\/span><\/li>\n<li>El equipo es apto para una amplia variedad de aplicaciones<span class=\"Apple-converted-space\">\u00a0<\/span><\/li>\n<li>L\u00e1mina adhesiva posicionada discretamente y f\u00e1cil de reemplazar por la parte superior.<\/li>\n<li>Carcasa de pl\u00e1stico proporciona durabilidad.<span class=\"Apple-converted-space\">\u00a0<\/span><\/li>\n<li>Cobertura eficaz en \u00e1reas de hasta 15 m\u00b2.<span class=\"Apple-converted-space\">\u00a0<\/span><\/li>\n<li>De f\u00e1cil mantenci\u00f3n con acceso directo al tubo y l\u00e1mina adhesiva.<span class=\"Apple-converted-space\">\u00a0<\/span><\/li>\n<li>Con ISO 9001 \/ RoHS &amp; el est\u00e1ndar CE. Cumple con control HACCP.<\/li>\n<li>El dise\u00f1o de atrapamiento de calor asegura que los insectos vuelen m\u00e1s r\u00e1pidamente al interior.<span class=\"Apple-converted-space\">\u00a0<\/span><\/li>\n<li>Potente tubo emisor de luz UV-A LED.<span class=\"Apple-converted-space\">\u00a0<\/span><\/li>\n<li>1 a\u00f1o de garant\u00eda en aspectos mec\u00e1nicos.<\/li>\n<\/ol>\n\t\t\t\t\t\t\t\t<\/div>\n\t\t\t\t<\/div>\n\t\t\t\t\t<\/div>\n\t\t<\/div>\n\t\t\t\t\t<\/div>\n\t\t<\/section>\n\t\t\t\t<section class=\"elementor-section elementor-top-section elementor-element elementor-element-75c017e elementor-section-boxed elementor-section-height-default elementor-section-height-default default-style\" data-id=\"75c017e\" data-element_type=\"section\" data-e-type=\"section\" data-settings=\"{&quot;rt_color_sets&quot;:&quot;default-style&quot;}\">\n\t\t\t\t\t\t<div class=\"elementor-container elementor-column-gap-default\">\n\t\t\t\t\t<div class=\"elementor-column elementor-col-100 elementor-top-column elementor-element elementor-element-b31ffe1\" data-id=\"b31ffe1\" data-element_type=\"column\" data-e-type=\"column\">\n\t\t\t<div class=\"elementor-widget-wrap elementor-element-populated\">\n\t\t\t\t\t\t<div class=\"elementor-element elementor-element-04a2c2b elementor-widget elementor-widget-text-editor\" data-id=\"04a2c2b\" data-element_type=\"widget\" data-e-type=\"widget\" data-widget_type=\"text-editor.default\">\n\t\t\t\t<div class=\"elementor-widget-container\">\n\t\t\t\t\t\t\t\t\t<div>\n<div class=\"row clearfix\"><\/p>\n<\/div>\n<p><div class=\"box two \"><\/p>\n<p><\/div><\/p>\n<p><\/div>\n<div>\n\n\t\t<style type=\"text\/css\">\n\t\t\t#gallery-1 {\n\t\t\t\tmargin: auto;\n\t\t\t}\n\t\t\t#gallery-1 .gallery-item {\n\t\t\t\tfloat: left;\n\t\t\t\tmargin-top: 10px;\n\t\t\t\ttext-align: center;\n\t\t\t\twidth: 25%;\n\t\t\t}\n\t\t\t#gallery-1 img {\n\t\t\t\tborder: 2px solid #cfcfcf;\n\t\t\t}\n\t\t\t#gallery-1 .gallery-caption {\n\t\t\t\tmargin-left: 0;\n\t\t\t}\n\t\t\t\/* see gallery_shortcode() in wp-includes\/media.php *\/\n\t\t<\/style>\n\t\t<div id='gallery-1' class='gallery galleryid-6953 gallery-columns-4 gallery-size-thumbnail'><dl class='gallery-item'>\n\t\t\t<dt class='gallery-icon landscape'>\n\t\t\t\t<a href='https:\/\/www.insective.com\/es\/trampa-para-moscas-armadilha-15-led\/a15_kast_square-2\/'><img decoding=\"async\" width=\"150\" height=\"150\" src=\"https:\/\/www.insective.com\/wp-content\/uploads\/2024\/12\/A15_kast_square-150x150.jpg\" class=\"attachment-thumbnail size-thumbnail\" alt=\"\" srcset=\"https:\/\/www.insective.com\/wp-content\/uploads\/2024\/12\/A15_kast_square-150x150.jpg 150w, https:\/\/www.insective.com\/wp-content\/uploads\/2024\/12\/A15_kast_square-300x300.jpg 300w, https:\/\/www.insective.com\/wp-content\/uploads\/2024\/12\/A15_kast_square-1024x1024.jpg 1024w, https:\/\/www.insective.com\/wp-content\/uploads\/2024\/12\/A15_kast_square-768x768.jpg 768w, https:\/\/www.insective.com\/wp-content\/uploads\/2024\/12\/A15_kast_square-1536x1536.jpg 1536w, https:\/\/www.insective.com\/wp-content\/uploads\/2024\/12\/A15_kast_square.jpg 1647w\" sizes=\"(max-width: 150px) 100vw, 150px\" \/><\/a>\n\t\t\t<\/dt><\/dl><dl class='gallery-item'>\n\t\t\t<dt class='gallery-icon landscape'>\n\t\t\t\t<a href='https:\/\/www.insective.com\/es\/34071529_100dpi-2\/'><img decoding=\"async\" width=\"150\" height=\"150\" src=\"https:\/\/www.insective.com\/wp-content\/uploads\/2015\/05\/34071529_100dpi-150x150.jpg\" class=\"attachment-thumbnail size-thumbnail\" alt=\"\" \/><\/a>\n\t\t\t<\/dt><\/dl><dl class='gallery-item'>\n\t\t\t<dt class='gallery-icon landscape'>\n\t\t\t\t<a href='https:\/\/www.insective.com\/es\/trampa-para-moscas-armadilha-15-led\/a15_wall_led_square-2\/'><img loading=\"lazy\" decoding=\"async\" width=\"150\" height=\"150\" src=\"https:\/\/www.insective.com\/wp-content\/uploads\/2024\/12\/A15_wall_LED_square-150x150.jpg\" class=\"attachment-thumbnail size-thumbnail\" alt=\"\" srcset=\"https:\/\/www.insective.com\/wp-content\/uploads\/2024\/12\/A15_wall_LED_square-150x150.jpg 150w, https:\/\/www.insective.com\/wp-content\/uploads\/2024\/12\/A15_wall_LED_square-300x300.jpg 300w, https:\/\/www.insective.com\/wp-content\/uploads\/2024\/12\/A15_wall_LED_square-1024x1024.jpg 1024w, https:\/\/www.insective.com\/wp-content\/uploads\/2024\/12\/A15_wall_LED_square-768x768.jpg 768w, https:\/\/www.insective.com\/wp-content\/uploads\/2024\/12\/A15_wall_LED_square.jpg 1501w\" sizes=\"(max-width: 150px) 100vw, 150px\" \/><\/a>\n\t\t\t<\/dt><\/dl><dl class='gallery-item'>\n\t\t\t<dt class='gallery-icon landscape'>\n\t\t\t\t<a href='https:\/\/www.insective.com\/es\/trampa-para-moscas-armadilha-15-led\/a15led-lamp-inside_square-2\/'><img loading=\"lazy\" decoding=\"async\" width=\"150\" height=\"150\" src=\"https:\/\/www.insective.com\/wp-content\/uploads\/2024\/12\/A15LED-lamp-inside_square-150x150.jpg\" class=\"attachment-thumbnail size-thumbnail\" alt=\"\" srcset=\"https:\/\/www.insective.com\/wp-content\/uploads\/2024\/12\/A15LED-lamp-inside_square-150x150.jpg 150w, https:\/\/www.insective.com\/wp-content\/uploads\/2024\/12\/A15LED-lamp-inside_square-300x300.jpg 300w, https:\/\/www.insective.com\/wp-content\/uploads\/2024\/12\/A15LED-lamp-inside_square-1024x1024.jpg 1024w, https:\/\/www.insective.com\/wp-content\/uploads\/2024\/12\/A15LED-lamp-inside_square-768x768.jpg 768w, https:\/\/www.insective.com\/wp-content\/uploads\/2024\/12\/A15LED-lamp-inside_square-1536x1536.jpg 1536w, https:\/\/www.insective.com\/wp-content\/uploads\/2024\/12\/A15LED-lamp-inside_square-2048x2048.jpg 2048w\" sizes=\"(max-width: 150px) 100vw, 150px\" \/><\/a>\n\t\t\t<\/dt><\/dl><br style=\"clear: both\" \/>\n\t\t<\/div>\n\n<\/div>\n\t\t\t\t\t\t\t\t<\/div>\n\t\t\t\t<\/div>\n\t\t\t\t\t<\/div>\n\t\t<\/div>\n\t\t\t\t\t<\/div>\n\t\t<\/section>\n\t\t\t\t<section class=\"elementor-section elementor-top-section elementor-element elementor-element-f810fdd elementor-section-boxed elementor-section-height-default elementor-section-height-default default-style\" data-id=\"f810fdd\" data-element_type=\"section\" data-e-type=\"section\" data-settings=\"{&quot;rt_color_sets&quot;:&quot;default-style&quot;}\">\n\t\t\t\t\t\t<div class=\"elementor-container elementor-column-gap-default\">\n\t\t\t\t\t<div class=\"elementor-column elementor-col-100 elementor-top-column elementor-element elementor-element-969579a\" data-id=\"969579a\" data-element_type=\"column\" data-e-type=\"column\">\n\t\t\t<div class=\"elementor-widget-wrap elementor-element-populated\">\n\t\t\t\t\t\t<div class=\"elementor-element elementor-element-64115ad elementor-widget elementor-widget-text-editor\" data-id=\"64115ad\" data-element_type=\"widget\" data-e-type=\"widget\" data-widget_type=\"text-editor.default\">\n\t\t\t\t<div class=\"elementor-widget-container\">\n\t\t\t\t\t\t\t\t\t<h3><b>Datos T\u00e9cnicos<\/b><\/h3>\n\n<table id=\"tablepress-23\" class=\"tablepress tablepress-id-23\">\n<tbody class=\"row-striping row-hover\">\n<tr class=\"row-1\">\n\t<td class=\"column-1\">\u00c1rea de cobertura<\/td><td class=\"column-2\">Cobertura eficaz 15 m2<\/td>\n<\/tr>\n<tr class=\"row-2\">\n\t<td class=\"column-1\">Fuente de luz<\/td><td class=\"column-2\">1 x 6 Vatios L\u00e1mpara UV-A LED<\/td>\n<\/tr>\n<tr class=\"row-3\">\n\t<td class=\"column-1\">Tipo de l\u00e1mpara<\/td><td class=\"column-2\">L\u00e1mpara UV-A con certificaci\u00f3n RoHS<\/td>\n<\/tr>\n<tr class=\"row-4\">\n\t<td class=\"column-1\">Posici\u00f3n de montaje<\/td><td class=\"column-2\">Libre de pie o montado en la pared<\/td>\n<\/tr>\n<tr class=\"row-5\">\n\t<td class=\"column-1\">Suministro El\u00e9ctrico<\/td><td class=\"column-2\">110-240V ~ 50-60 Hz<\/td>\n<\/tr>\n<tr class=\"row-6\">\n\t<td class=\"column-1\">Especificaciones de captura<\/td><td class=\"column-2\">L\u00e1mina adhesiva optimizada contra temperaturas extremas<\/td>\n<\/tr>\n<tr class=\"row-7\">\n\t<td class=\"column-1\">Consumo El\u00e9ctrico<\/td><td class=\"column-2\">6 Vatios<\/td>\n<\/tr>\n<tr class=\"row-8\">\n\t<td class=\"column-1\">Peso<\/td><td class=\"column-2\">1 Kg<\/td>\n<\/tr>\n<tr class=\"row-9\">\n\t<td class=\"column-1\">Material<\/td><td class=\"column-2\">Carcasa de pl\u00e1stico<\/td>\n<\/tr>\n<tr class=\"row-10\">\n\t<td class=\"column-1\">Grado de protecci\u00f3n<\/td><td class=\"column-2\">IP 20<\/td>\n<\/tr>\n<tr class=\"row-11\">\n\t<td class=\"column-1\">Color<\/td><td class=\"column-2\">Blanco\/Negro<\/td>\n<\/tr>\n<tr class=\"row-12\">\n\t<td class=\"column-1\">Normativa Int. de Mftra.<\/td><td class=\"column-2\">acc. IEC 60.335-259 int. std<\/td>\n<\/tr>\n<tr class=\"row-13\">\n\t<td class=\"column-1\">Garant\u00eda<\/td><td class=\"column-2\">1 a\u00f1o desde su salida ex-base<\/td>\n<\/tr>\n<tr class=\"row-14\">\n\t<td class=\"column-1\">Duraci\u00f3n de l\u00e1mpara<\/td><td class=\"column-2\">15000 hrs<\/td>\n<\/tr>\n<tr class=\"row-15\">\n\t<td class=\"column-1\">Dimensiones (LxFxA)<\/td><td class=\"column-2\">\u2205140 x 280 mm<\/td>\n<\/tr>\n<tr class=\"row-16\">\n\t<td class=\"column-1\">CE-approval<\/td><td class=\"column-2\">S\u00ed<\/td>\n<\/tr>\n<\/tbody>\n<\/table>\n\n\t\t\t\t\t\t\t\t<\/div>\n\t\t\t\t<\/div>\n\t\t\t\t\t<\/div>\n\t\t<\/div>\n\t\t\t\t\t<\/div>\n\t\t<\/section>\n\t\t\t\t<\/div>\n\t\t","protected":false},"excerpt":{"rendered":"<p>La discreta trampa de insectos luminosa para \u00e1reas de hasta 15 m\u00b2 \u00a0Armadilha 15 LED Con su discreto y atractivo dise\u00f1o el Armadilha 15 LED es recomendado para uso en entornos dom\u00e9sticos y profesionales.\u00a0El Armadilha 15 LED est\u00e1 dise\u00f1ado para ser posicionado ya sea de pie o montado en la pared.\u00a0 En el interior de [&hellip;]<\/p>\n","protected":false},"author":7,"featured_media":0,"parent":0,"menu_order":0,"comment_status":"closed","ping_status":"closed","template":"","meta":{"footnotes":""},"class_list":["post-6953","page","type-page","status-publish","hentry"],"_links":{"self":[{"href":"https:\/\/www.insective.com\/es\/wp-json\/wp\/v2\/pages\/6953","targetHints":{"allow":["GET"]}}],"collection":[{"href":"https:\/\/www.insective.com\/es\/wp-json\/wp\/v2\/pages"}],"about":[{"href":"https:\/\/www.insective.com\/es\/wp-json\/wp\/v2\/types\/page"}],"author":[{"embeddable":true,"href":"https:\/\/www.insective.com\/es\/wp-json\/wp\/v2\/users\/7"}],"replies":[{"embeddable":true,"href":"https:\/\/www.insective.com\/es\/wp-json\/wp\/v2\/comments?post=6953"}],"version-history":[{"count":4,"href":"https:\/\/www.insective.com\/es\/wp-json\/wp\/v2\/pages\/6953\/revisions"}],"predecessor-version":[{"id":7004,"href":"https:\/\/www.insective.com\/es\/wp-json\/wp\/v2\/pages\/6953\/revisions\/7004"}],"wp:attachment":[{"href":"https:\/\/www.insective.com\/es\/wp-json\/wp\/v2\/media?parent=6953"}],"curies":[{"name":"wp","href":"https:\/\/api.w.org\/{rel}","templated":true}]}}